{"id":1412,"date":"2023-08-23T14:16:31","date_gmt":"2023-08-23T14:16:31","guid":{"rendered":"https:\/\/www.claudia-lampert.de\/?page_id=1412"},"modified":"2025-04-30T15:03:18","modified_gmt":"2025-04-30T15:03:18","slug":"aktivitaeten-und-mitgliedschaften","status":"publish","type":"page","link":"https:\/\/www.claudia-lampert.de\/?page_id=1412","title":{"rendered":"Aktivit\u00e4ten und Mitgliedschaften"},"content":{"rendered":"\n<figure class=\"wp-block-image size-large\"><a href=\"https:\/\/www.claudia-lampert.de\/wp-content\/uploads\/2023\/09\/CL2-scaled.jpg\"><img decoding=\"async\" loading=\"lazy\" width=\"1024\" height=\"400\" src=\"https:\/\/www.claudia-lampert.de\/wp-content\/uploads\/2023\/09\/CL2-1024x400.jpg\" alt=\"\" class=\"wp-image-1503\" srcset=\"https:\/\/www.claudia-lampert.de\/wp-content\/uploads\/2023\/09\/CL2-1024x400.jpg 1024w, https:\/\/www.claudia-lampert.de\/wp-content\/uploads\/2023\/09\/CL2-300x117.jpg 300w, https:\/\/www.claudia-lampert.de\/wp-content\/uploads\/2023\/09\/CL2-768x300.jpg 768w, https:\/\/www.claudia-lampert.de\/wp-content\/uploads\/2023\/09\/CL2-1536x600.jpg 1536w, https:\/\/www.claudia-lampert.de\/wp-content\/uploads\/2023\/09\/CL2-2048x800.jpg 2048w\" sizes=\"(max-width: 1024px) 100vw, 1024px\" \/><\/a><\/figure>\n\n\n\n<h4 class=\"wp-block-heading\"><strong>Fachgesellschaften<\/strong><\/h4>\n\n\n\n<ul>\n<li><a href=\"http:\/\/www.dgpuk.de\/\">Deutsche Gesellschaft f\u00fcr Publizistik- und Kommunikationswissenschaft (DGPuK)<\/a><br>11\/03-10\/07 Sprecherin der Fachgruppe Medienp\u00e4dagogik<br>5\/00-11\/03 stellvertretende Sprecherin der Fachgruppe<\/li>\n\n\n\n<li><a href=\"http:\/\/www.dgfe.de\/ueber\/sektionen\/sektion12\/\">Deutsche Gesellschaft f\u00fcr Erziehungswissenschaft (DGfE),<br>Sektion \u201eMedien- und Umweltp\u00e4dagogik\u201c<\/a><\/li>\n\n\n\n<li><a href=\"http:\/\/www.gmk-net.de\/\">Gesellschaft f\u00fcr Medienp\u00e4dagogik und Kommunikationskultur (GMK)<\/a><\/li>\n\n\n\n<li><a href=\"https:\/\/iame.education\/\" target=\"_blank\" rel=\"noreferrer noopener\">International Association for Media Education (IAME)<\/a><\/li>\n<\/ul>\n\n\n\n<h4 class=\"wp-block-heading\"><strong>Wissenschaftliche Beratungsgremien, Fachverb\u00e4nde, Netzwerke und Herausgebergremien<\/strong><\/h4>\n\n\n\n<ul>\n<li><a href=\"https:\/\/www.bioeg.de\/ueber-uns\/aufgaben-und-ziele\/gremien\/\" target=\"_blank\" rel=\"noreferrer noopener\">Bundesinstitut f\u00fcr \u00d6ffentliche Gesundheit (BI\u00d6G, vormals BZgA)<\/a><br>Mitglied des wissenschaftlichen Beirats (seit 03\/2023)<\/li>\n\n\n\n<li><a href=\"https:\/\/www.kjug-zeitschrift.de\/\" target=\"_blank\" rel=\"noreferrer noopener\">KJug &#8211; Kinder- und Jugendschutz in Wissenschaft und Praxis<\/a><br>Mitglied des Fachbeirats (seit 2022)<\/li>\n\n\n\n<li><a href=\"https:\/\/www.mediasmart.de\/\" target=\"_blank\" rel=\"noreferrer noopener\">Media Smart e.V.<\/a><br>Mitglied im Expertenrat<br>Mitglied der Arbeitsgruppe &#8222;Kinder-Influencing&#8220; (seit 05\/2019)<\/li>\n\n\n\n<li><a href=\"http:\/\/www.netzwerk-gesundheitskommunikation.de\/\">Netzwerk Medien- und Gesundheitskommunikation<\/a><br>Gr\u00fcndungsmitglied (seit 05\/2005)<br>Betreuung der Website<br>Organisation von Fachveranstaltungen<\/li>\n\n\n\n<li><a href=\"https:\/\/serious-gamification4health.net\/\">Netzwerk Serious Games and Gamification for Health<\/a><br>Gr\u00fcndungsmitglied (seit 09\/2021)<\/li>\n\n\n\n<li><a href=\"http:\/\/www.jff.de\/\">JFF &#8211; Institut f\u00fcr Medienp\u00e4dagogik in Forschung und Praxis<\/a><br>seit 07\/2024 Mitglied bei <a href=\"https:\/\/www.merz-zeitschrift.de\/\" target=\"_blank\" rel=\"noreferrer noopener\">merz &#8211; Zeitschrift f\u00fcr Medienp\u00e4dagogik<\/a> <\/li>\n\n\n\n<li><a href=\"http:\/\/www.mediennetz-hamburg.de\/\">Mediennetz Hamburg e.V.<\/a><\/li>\n\n\n\n<li><a href=\"http:\/\/www.erfurter-netcode.de\/\">Erfurter Netcode &#8211; Fachbeirat<\/a><\/li>\n\n\n\n<li><a href=\"http:\/\/schau-hin.info\/\">Schau hin!<\/a><\/li>\n\n\n\n<li><a href=\"https:\/\/www.i-kiz.de\/fachpublikum\/\" target=\"_blank\" rel=\"noreferrer noopener\">Zentrum f\u00fcr Kinderschutz im Internet (I-KiZ)<\/a><br>FK II &#8222;Wissen, Forschung, Technikfolgenabsch\u00e4tzung&#8220; (abgeschlossen)<\/li>\n\n\n\n<li><a href=\"http:\/\/www.hans-bredow-institut.de\/de\/mampk\/medien-kommunikationswissenschaft\">Medien &amp; Kommunikationswissenschaft<\/a><br>Redaktionsmitglied der Zeitschrift (seit 1999)<\/li>\n<\/ul>\n\n\n\n<h4 class=\"wp-block-heading\"><strong>Projektbezogene Beiratst\u00e4tigkeiten<\/strong><\/h4>\n\n\n\n<ul>\n<li>Wissenschaftliche Beir\u00e4tin im Projekt <a href=\"https:\/\/www.digitale-chancen.de\/content\/sdcprojekte\/index.cfm\/action.show\/key.113\/secid.144\/secid2.191\/lang.1\" target=\"_blank\" rel=\"noreferrer noopener\">&#8222;Medienerziehung im Dialog von Kita und Familie&#8220; <\/a>der Stiftung Digitale Chancen (2018-2022)<\/li>\n\n\n\n<li>Wissenschaftliche Beir\u00e4tin im Projekt <a href=\"https:\/\/www.digitale-streitkultur.de\/\" target=\"_blank\" rel=\"noreferrer noopener\">&#8222;Streitkultur 3.0&#8220;<\/a>&nbsp; (2018-2019)<\/li>\n\n\n\n<li>Wissenschaftliche Beir\u00e4tin im Projekt \u201eDigitale Medien und Kompetenzerwerb im Kindesalter\u201c des Deutschen Jugendinstituts (2008-2010)<\/li>\n<\/ul>\n\n\n\n<h4 class=\"wp-block-heading\"><strong>Gutachtert\u00e4tigkeiten<\/strong><\/h4>\n\n\n\n<ul>\n<li>Zeitschrift \u201eMedien &amp; Kommunikationswissenschaft\u201c<\/li>\n\n\n\n<li>Zeitschrift &#8222;Medienp\u00e4dagogik&#8220;<\/li>\n\n\n\n<li>Zeitschrift \u201eMedienpsychologie\u201c<\/li>\n\n\n\n<li>European Journal for Health Communication<\/li>\n\n\n\n<li>Communications<\/li>\n\n\n\n<li>&#8230;<\/li>\n<\/ul>\n\n\n\n<ul>\n<li>Deutsche Forschungsgemeinschaft (DFG)<\/li>\n\n\n\n<li>Deutschen Gesellschaft f\u00fcr Publizistik und Kommunikationswissenschaft (DGPuK)<\/li>\n\n\n\n<li>Universit\u00e4t Hamburg, Fakult\u00e4t Wirtschafts- und Sozialwissenschaften<\/li>\n\n\n\n<li>Hochschule f\u00fcr Angewandte Wissenschaften Hamburg<\/li>\n\n\n\n<li>&#8230;<\/li>\n<\/ul>\n\n\n\n<h4 class=\"wp-block-heading\"><strong>Sonstiges<\/strong><\/h4>\n\n\n\n<ul>\n<li><a href=\"https:\/\/www.jugendserver-hamburg.de\/index.php?mid=21\" target=\"_blank\" rel=\"noreferrer noopener\">Projekt-Fonds &#8222;Medien und Bildung Hamburg&#8220;<\/a><\/li>\n<\/ul>\n","protected":false},"excerpt":{"rendered":"<p>Fachgesellschaften Wissenschaftliche Beratungsgremien, Fachverb\u00e4nde, Netzwerke und Herausgebergremien Projektbezogene Beiratst\u00e4tigkeiten Gutachtert\u00e4tigkeiten Sonstiges<\/p>\n","protected":false},"author":1,"featured_media":0,"parent":10,"menu_order":0,"comment_status":"closed","ping_status":"closed","template":"","meta":[],"yoast_head":"<!-- This site is optimized with the Yoast SEO plugin v20.12 - https:\/\/yoast.com\/wordpress\/plugins\/seo\/ -->\n<title>Aktivit\u00e4ten und Mitgliedschaften - Claudia Lampert<\/title>\n<meta name=\"robots\" content=\"index, follow, max-snippet:-1, max-image-preview:large, max-video-preview:-1\" \/>\n<link rel=\"canonical\" href=\"https:\/\/www.claudia-lampert.de\/?page_id=1412\" \/>\n<meta property=\"og:locale\" content=\"de_DE\" \/>\n<meta property=\"og:type\" content=\"article\" \/>\n<meta property=\"og:title\" content=\"Aktivit\u00e4ten und Mitgliedschaften - Claudia Lampert\" \/>\n<meta property=\"og:description\" content=\"Fachgesellschaften Wissenschaftliche Beratungsgremien, Fachverb\u00e4nde, Netzwerke und Herausgebergremien Projektbezogene Beiratst\u00e4tigkeiten Gutachtert\u00e4tigkeiten Sonstiges\" \/>\n<meta property=\"og:url\" content=\"https:\/\/www.claudia-lampert.de\/?page_id=1412\" \/>\n<meta property=\"og:site_name\" content=\"Claudia Lampert\" \/>\n<meta property=\"article:modified_time\" content=\"2025-04-30T15:03:18+00:00\" \/>\n<meta property=\"og:image\" content=\"https:\/\/www.claudia-lampert.de\/wp-content\/uploads\/2023\/09\/CL2-1024x400.jpg\" \/>\n<meta name=\"twitter:card\" content=\"summary_large_image\" \/>\n<meta name=\"twitter:label1\" content=\"Gesch\u00e4tzte Lesezeit\" \/>\n\t<meta name=\"twitter:data1\" content=\"2\u00a0Minuten\" \/>\n<script type=\"application\/ld+json\" class=\"yoast-schema-graph\">{\"@context\":\"https:\/\/schema.org\",\"@graph\":[{\"@type\":\"WebPage\",\"@id\":\"https:\/\/www.claudia-lampert.de\/?page_id=1412\",\"url\":\"https:\/\/www.claudia-lampert.de\/?page_id=1412\",\"name\":\"Aktivit\u00e4ten und Mitgliedschaften - Claudia Lampert\",\"isPartOf\":{\"@id\":\"https:\/\/www.claudia-lampert.de\/#website\"},\"datePublished\":\"2023-08-23T14:16:31+00:00\",\"dateModified\":\"2025-04-30T15:03:18+00:00\",\"breadcrumb\":{\"@id\":\"https:\/\/www.claudia-lampert.de\/?page_id=1412#breadcrumb\"},\"inLanguage\":\"de\",\"potentialAction\":[{\"@type\":\"ReadAction\",\"target\":[\"https:\/\/www.claudia-lampert.de\/?page_id=1412\"]}]},{\"@type\":\"BreadcrumbList\",\"@id\":\"https:\/\/www.claudia-lampert.de\/?page_id=1412#breadcrumb\",\"itemListElement\":[{\"@type\":\"ListItem\",\"position\":1,\"name\":\"Startseite\",\"item\":\"https:\/\/www.claudia-lampert.de\/\"},{\"@type\":\"ListItem\",\"position\":2,\"name\":\"\u00dcber mich\",\"item\":\"https:\/\/www.claudia-lampert.de\/?page_id=10\"},{\"@type\":\"ListItem\",\"position\":3,\"name\":\"Aktivit\u00e4ten und Mitgliedschaften\"}]},{\"@type\":\"WebSite\",\"@id\":\"https:\/\/www.claudia-lampert.de\/#website\",\"url\":\"https:\/\/www.claudia-lampert.de\/\",\"name\":\"Claudia Lampert\",\"description\":\"\",\"publisher\":{\"@id\":\"https:\/\/www.claudia-lampert.de\/#\/schema\/person\/d9a1e59b876efa33489dac1efc9bc1da\"},\"potentialAction\":[{\"@type\":\"SearchAction\",\"target\":{\"@type\":\"EntryPoint\",\"urlTemplate\":\"https:\/\/www.claudia-lampert.de\/?s={search_term_string}\"},\"query-input\":\"required name=search_term_string\"}],\"inLanguage\":\"de\"},{\"@type\":[\"Person\",\"Organization\"],\"@id\":\"https:\/\/www.claudia-lampert.de\/#\/schema\/person\/d9a1e59b876efa33489dac1efc9bc1da\",\"name\":\"CL\",\"image\":{\"@type\":\"ImageObject\",\"inLanguage\":\"de\",\"@id\":\"https:\/\/www.claudia-lampert.de\/#\/schema\/person\/image\/\",\"url\":\"https:\/\/www.claudia-lampert.de\/wp-content\/uploads\/2020\/04\/logo_cl-scaled.jpg\",\"contentUrl\":\"https:\/\/www.claudia-lampert.de\/wp-content\/uploads\/2020\/04\/logo_cl-scaled.jpg\",\"width\":2414,\"height\":2560,\"caption\":\"CL\"},\"logo\":{\"@id\":\"https:\/\/www.claudia-lampert.de\/#\/schema\/person\/image\/\"}}]}<\/script>\n<!-- \/ Yoast SEO plugin. -->","yoast_head_json":{"title":"Aktivit\u00e4ten und Mitgliedschaften - Claudia Lampert","robots":{"index":"index","follow":"follow","max-snippet":"max-snippet:-1","max-image-preview":"max-image-preview:large","max-video-preview":"max-video-preview:-1"},"canonical":"https:\/\/www.claudia-lampert.de\/?page_id=1412","og_locale":"de_DE","og_type":"article","og_title":"Aktivit\u00e4ten und Mitgliedschaften - Claudia Lampert","og_description":"Fachgesellschaften Wissenschaftliche Beratungsgremien, Fachverb\u00e4nde, Netzwerke und Herausgebergremien Projektbezogene Beiratst\u00e4tigkeiten Gutachtert\u00e4tigkeiten Sonstiges","og_url":"https:\/\/www.claudia-lampert.de\/?page_id=1412","og_site_name":"Claudia Lampert","article_modified_time":"2025-04-30T15:03:18+00:00","og_image":[{"url":"https:\/\/www.claudia-lampert.de\/wp-content\/uploads\/2023\/09\/CL2-1024x400.jpg"}],"twitter_card":"summary_large_image","twitter_misc":{"Gesch\u00e4tzte Lesezeit":"2\u00a0Minuten"},"schema":{"@context":"https:\/\/schema.org","@graph":[{"@type":"WebPage","@id":"https:\/\/www.claudia-lampert.de\/?page_id=1412","url":"https:\/\/www.claudia-lampert.de\/?page_id=1412","name":"Aktivit\u00e4ten und Mitgliedschaften - Claudia Lampert","isPartOf":{"@id":"https:\/\/www.claudia-lampert.de\/#website"},"datePublished":"2023-08-23T14:16:31+00:00","dateModified":"2025-04-30T15:03:18+00:00","breadcrumb":{"@id":"https:\/\/www.claudia-lampert.de\/?page_id=1412#breadcrumb"},"inLanguage":"de","potentialAction":[{"@type":"ReadAction","target":["https:\/\/www.claudia-lampert.de\/?page_id=1412"]}]},{"@type":"BreadcrumbList","@id":"https:\/\/www.claudia-lampert.de\/?page_id=1412#breadcrumb","itemListElement":[{"@type":"ListItem","position":1,"name":"Startseite","item":"https:\/\/www.claudia-lampert.de\/"},{"@type":"ListItem","position":2,"name":"\u00dcber mich","item":"https:\/\/www.claudia-lampert.de\/?page_id=10"},{"@type":"ListItem","position":3,"name":"Aktivit\u00e4ten und Mitgliedschaften"}]},{"@type":"WebSite","@id":"https:\/\/www.claudia-lampert.de\/#website","url":"https:\/\/www.claudia-lampert.de\/","name":"Claudia Lampert","description":"","publisher":{"@id":"https:\/\/www.claudia-lampert.de\/#\/schema\/person\/d9a1e59b876efa33489dac1efc9bc1da"},"potentialAction":[{"@type":"SearchAction","target":{"@type":"EntryPoint","urlTemplate":"https:\/\/www.claudia-lampert.de\/?s={search_term_string}"},"query-input":"required name=search_term_string"}],"inLanguage":"de"},{"@type":["Person","Organization"],"@id":"https:\/\/www.claudia-lampert.de\/#\/schema\/person\/d9a1e59b876efa33489dac1efc9bc1da","name":"CL","image":{"@type":"ImageObject","inLanguage":"de","@id":"https:\/\/www.claudia-lampert.de\/#\/schema\/person\/image\/","url":"https:\/\/www.claudia-lampert.de\/wp-content\/uploads\/2020\/04\/logo_cl-scaled.jpg","contentUrl":"https:\/\/www.claudia-lampert.de\/wp-content\/uploads\/2020\/04\/logo_cl-scaled.jpg","width":2414,"height":2560,"caption":"CL"},"logo":{"@id":"https:\/\/www.claudia-lampert.de\/#\/schema\/person\/image\/"}}]}},"_links":{"self":[{"href":"https:\/\/www.claudia-lampert.de\/index.php?rest_route=\/wp\/v2\/pages\/1412"}],"collection":[{"href":"https:\/\/www.claudia-lampert.de\/index.php?rest_route=\/wp\/v2\/pages"}],"about":[{"href":"https:\/\/www.claudia-lampert.de\/index.php?rest_route=\/wp\/v2\/types\/page"}],"author":[{"embeddable":true,"href":"https:\/\/www.claudia-lampert.de\/index.php?rest_route=\/wp\/v2\/users\/1"}],"replies":[{"embeddable":true,"href":"https:\/\/www.claudia-lampert.de\/index.php?rest_route=%2Fwp%2Fv2%2Fcomments&post=1412"}],"version-history":[{"count":6,"href":"https:\/\/www.claudia-lampert.de\/index.php?rest_route=\/wp\/v2\/pages\/1412\/revisions"}],"predecessor-version":[{"id":1686,"href":"https:\/\/www.claudia-lampert.de\/index.php?rest_route=\/wp\/v2\/pages\/1412\/revisions\/1686"}],"up":[{"embeddable":true,"href":"https:\/\/www.claudia-lampert.de\/index.php?rest_route=\/wp\/v2\/pages\/10"}],"wp:attachment":[{"href":"https:\/\/www.claudia-lampert.de\/index.php?rest_route=%2Fwp%2Fv2%2Fmedia&parent=1412"}],"curies":[{"name":"wp","href":"https:\/\/api.w.org\/{rel}","templated":true}]}}