{"id":1480,"date":"2023-09-03T14:12:24","date_gmt":"2023-09-03T14:12:24","guid":{"rendered":"https:\/\/www.claudia-lampert.de\/?page_id=1480"},"modified":"2023-09-03T17:23:59","modified_gmt":"2023-09-03T17:23:59","slug":"ueber-mich","status":"publish","type":"page","link":"https:\/\/www.claudia-lampert.de\/?page_id=1480","title":{"rendered":"Lebenslauf"},"content":{"rendered":"\n<figure class=\"wp-block-image size-large\"><a href=\"https:\/\/www.claudia-lampert.de\/wp-content\/uploads\/2023\/09\/cl3-scaled.jpg\"><img decoding=\"async\" loading=\"lazy\" width=\"1024\" height=\"400\" src=\"https:\/\/www.claudia-lampert.de\/wp-content\/uploads\/2023\/09\/cl3-1024x400.jpg\" alt=\"\" class=\"wp-image-1505\" srcset=\"https:\/\/www.claudia-lampert.de\/wp-content\/uploads\/2023\/09\/cl3-1024x400.jpg 1024w, https:\/\/www.claudia-lampert.de\/wp-content\/uploads\/2023\/09\/cl3-300x117.jpg 300w, https:\/\/www.claudia-lampert.de\/wp-content\/uploads\/2023\/09\/cl3-768x300.jpg 768w, https:\/\/www.claudia-lampert.de\/wp-content\/uploads\/2023\/09\/cl3-1536x599.jpg 1536w, https:\/\/www.claudia-lampert.de\/wp-content\/uploads\/2023\/09\/cl3-2048x799.jpg 2048w\" sizes=\"(max-width: 1024px) 100vw, 1024px\" \/><\/a><\/figure>\n\n\n\n<p>01\/2019 Aufnahme des Hans-Bredow-Instituts in die Leibniz-Gemeinschaft und Umbenennung in <br>&#8222;Leibniz-Institut f\u00fcr Medienforschung | Hans-Bredow-Institut (HBI)&#8220;<br>Leiterin des Forschungsprogramms <a href=\"https:\/\/leibniz-hbi.de\/de\/forschung\/forschungsprogramme\/wissen-fuer-die-mediengesellschaft\" target=\"_blank\" rel=\"noreferrer noopener\">&#8222;Wissen f\u00fcr die Mediengesellschaft&#8220;<\/a> (gemeinsam mit Dr. H.-U. Wagner)<\/p>\n\n\n\n<p>Seit 7\/2006 | Hans-Bredow-Institut f\u00fcr Medienforschung an der Universit\u00e4t Hamburg<br>Wissenschaftliche Referentin (Senior Post-doc)<\/p>\n\n\n\n<p>06\/2006 | Universit\u00e4t Hamburg, Promotion an der <a href=\"http:\/\/www.epb.uni-hamburg.de\/\" target=\"_blank\" rel=\"noreferrer noopener\">Fakult\u00e4t f\u00fcr Erziehungswissenschaft, Psychologie und Bewegungswissenschaft<\/a>, FB Erziehungswissenschaft (Betreuer: Prof. Dr. Stefan Aufenanger)<\/p>\n\n\n\n<p>Thema: <em>Gesundheitsf\u00f6rderung im Unterhaltungsformat. Wie Jugendliche gesundheitsbezogene Darstellungen in fiktionalen Fernsehangeboten wahrnehmen und bewerten<\/em> (erschienen im Nomos Verlag: Baden Baden)<\/p>\n\n\n\n<p>4\/1999-5\/2006 | Hans-Bredow-Institut f\u00fcr Medienforschung an der Universit\u00e4t Hamburg<br>Wissenschaftliche Mitarbeiterin<\/p>\n\n\n\n<p>10\/1993-3\/1999 | Universit\u00e4t Hamburg, Studium der Erziehungswissenschaft, Diplom<\/p>\n\n\n\n<p>Thema der Abschlussarbeit: <em>Wie sehen Kinder Fernsehwerbung? Eine qualitative Studie zum Verst\u00e4ndnis von Fernsehwerbung und deren Bedeutung f\u00fcr Kinder im Vorschulalter.<\/em><\/p>\n\n\n\n<p>1\/1993-3\/1999 | Hans-Bredow-Institut f\u00fcr Medienforschung an der Universit\u00e4t Hamburg<br>Studentische Mitarbeiterin<\/p>\n\n\n\n<p>1994-1996 | Universit\u00e4t Hamburg, Fachbereich Erziehungswissenschaft<br>Studentische Mitarbeiterin<\/p>\n\n\n\n<p>10\/1991-10\/1993 | Universit\u00e4t L\u00fcneburg, Studium der Erziehungswissenschaft, Vordiplom<\/p>\n","protected":false},"excerpt":{"rendered":"<p>01\/2019 Aufnahme des Hans-Bredow-Instituts in die Leibniz-Gemeinschaft und Umbenennung in &#8222;Leibniz-Institut f\u00fcr Medienforschung | Hans-Bredow-Institut (HBI)&#8220;Leiterin des Forschungsprogramms &#8222;Wissen f\u00fcr die Mediengesellschaft&#8220; (gemeinsam mit Dr. H.-U. Wagner) Seit 7\/2006 | Hans-Bredow-Institut f\u00fcr Medienforschung an der Universit\u00e4t HamburgWissenschaftliche Referentin (Senior Post-doc) 06\/2006 | Universit\u00e4t Hamburg, Promotion an der Fakult\u00e4t f\u00fcr Erziehungswissenschaft, Psychologie und Bewegungswissenschaft, FB Erziehungswissenschaft <a class=\"more-link\" href=\"https:\/\/www.claudia-lampert.de\/?page_id=1480\">Weiterlesen\u00a0\u2026<\/a><\/p>\n","protected":false},"author":1,"featured_media":0,"parent":10,"menu_order":1,"comment_status":"closed","ping_status":"closed","template":"","meta":[],"yoast_head":"<!-- This site is optimized with the Yoast SEO plugin v20.12 - https:\/\/yoast.com\/wordpress\/plugins\/seo\/ -->\n<title>Lebenslauf - Claudia Lampert<\/title>\n<meta name=\"robots\" content=\"index, follow, max-snippet:-1, max-image-preview:large, max-video-preview:-1\" \/>\n<link rel=\"canonical\" href=\"https:\/\/www.claudia-lampert.de\/?page_id=1480\" \/>\n<meta property=\"og:locale\" content=\"de_DE\" \/>\n<meta property=\"og:type\" content=\"article\" \/>\n<meta property=\"og:title\" content=\"Lebenslauf - Claudia Lampert\" \/>\n<meta property=\"og:description\" content=\"01\/2019 Aufnahme des Hans-Bredow-Instituts in die Leibniz-Gemeinschaft und Umbenennung in &#8222;Leibniz-Institut f\u00fcr Medienforschung | Hans-Bredow-Institut (HBI)&#8220;Leiterin des Forschungsprogramms &#8222;Wissen f\u00fcr die Mediengesellschaft&#8220; (gemeinsam mit Dr. H.-U. Wagner) Seit 7\/2006 | Hans-Bredow-Institut f\u00fcr Medienforschung an der Universit\u00e4t HamburgWissenschaftliche Referentin (Senior Post-doc) 06\/2006 | Universit\u00e4t Hamburg, Promotion an der Fakult\u00e4t f\u00fcr Erziehungswissenschaft, Psychologie und Bewegungswissenschaft, FB Erziehungswissenschaft Weiterlesen\u00a0\u2026\" \/>\n<meta property=\"og:url\" content=\"https:\/\/www.claudia-lampert.de\/?page_id=1480\" \/>\n<meta property=\"og:site_name\" content=\"Claudia Lampert\" \/>\n<meta property=\"article:modified_time\" content=\"2023-09-03T17:23:59+00:00\" \/>\n<meta property=\"og:image\" content=\"https:\/\/www.claudia-lampert.de\/wp-content\/uploads\/2023\/09\/cl3-1024x400.jpg\" \/>\n<meta name=\"twitter:card\" content=\"summary_large_image\" \/>\n<meta name=\"twitter:label1\" content=\"Gesch\u00e4tzte Lesezeit\" \/>\n\t<meta name=\"twitter:data1\" content=\"2\u00a0Minuten\" \/>\n<script type=\"application\/ld+json\" class=\"yoast-schema-graph\">{\"@context\":\"https:\/\/schema.org\",\"@graph\":[{\"@type\":\"WebPage\",\"@id\":\"https:\/\/www.claudia-lampert.de\/?page_id=1480\",\"url\":\"https:\/\/www.claudia-lampert.de\/?page_id=1480\",\"name\":\"Lebenslauf - Claudia Lampert\",\"isPartOf\":{\"@id\":\"https:\/\/www.claudia-lampert.de\/#website\"},\"datePublished\":\"2023-09-03T14:12:24+00:00\",\"dateModified\":\"2023-09-03T17:23:59+00:00\",\"breadcrumb\":{\"@id\":\"https:\/\/www.claudia-lampert.de\/?page_id=1480#breadcrumb\"},\"inLanguage\":\"de\",\"potentialAction\":[{\"@type\":\"ReadAction\",\"target\":[\"https:\/\/www.claudia-lampert.de\/?page_id=1480\"]}]},{\"@type\":\"BreadcrumbList\",\"@id\":\"https:\/\/www.claudia-lampert.de\/?page_id=1480#breadcrumb\",\"itemListElement\":[{\"@type\":\"ListItem\",\"position\":1,\"name\":\"Startseite\",\"item\":\"https:\/\/www.claudia-lampert.de\/\"},{\"@type\":\"ListItem\",\"position\":2,\"name\":\"\u00dcber mich\",\"item\":\"https:\/\/www.claudia-lampert.de\/?page_id=10\"},{\"@type\":\"ListItem\",\"position\":3,\"name\":\"Lebenslauf\"}]},{\"@type\":\"WebSite\",\"@id\":\"https:\/\/www.claudia-lampert.de\/#website\",\"url\":\"https:\/\/www.claudia-lampert.de\/\",\"name\":\"Claudia Lampert\",\"description\":\"\",\"publisher\":{\"@id\":\"https:\/\/www.claudia-lampert.de\/#\/schema\/person\/d9a1e59b876efa33489dac1efc9bc1da\"},\"potentialAction\":[{\"@type\":\"SearchAction\",\"target\":{\"@type\":\"EntryPoint\",\"urlTemplate\":\"https:\/\/www.claudia-lampert.de\/?s={search_term_string}\"},\"query-input\":\"required name=search_term_string\"}],\"inLanguage\":\"de\"},{\"@type\":[\"Person\",\"Organization\"],\"@id\":\"https:\/\/www.claudia-lampert.de\/#\/schema\/person\/d9a1e59b876efa33489dac1efc9bc1da\",\"name\":\"CL\",\"image\":{\"@type\":\"ImageObject\",\"inLanguage\":\"de\",\"@id\":\"https:\/\/www.claudia-lampert.de\/#\/schema\/person\/image\/\",\"url\":\"https:\/\/www.claudia-lampert.de\/wp-content\/uploads\/2020\/04\/logo_cl-scaled.jpg\",\"contentUrl\":\"https:\/\/www.claudia-lampert.de\/wp-content\/uploads\/2020\/04\/logo_cl-scaled.jpg\",\"width\":2414,\"height\":2560,\"caption\":\"CL\"},\"logo\":{\"@id\":\"https:\/\/www.claudia-lampert.de\/#\/schema\/person\/image\/\"}}]}<\/script>\n<!-- \/ Yoast SEO plugin. -->","yoast_head_json":{"title":"Lebenslauf - Claudia Lampert","robots":{"index":"index","follow":"follow","max-snippet":"max-snippet:-1","max-image-preview":"max-image-preview:large","max-video-preview":"max-video-preview:-1"},"canonical":"https:\/\/www.claudia-lampert.de\/?page_id=1480","og_locale":"de_DE","og_type":"article","og_title":"Lebenslauf - Claudia Lampert","og_description":"01\/2019 Aufnahme des Hans-Bredow-Instituts in die Leibniz-Gemeinschaft und Umbenennung in &#8222;Leibniz-Institut f\u00fcr Medienforschung | Hans-Bredow-Institut (HBI)&#8220;Leiterin des Forschungsprogramms &#8222;Wissen f\u00fcr die Mediengesellschaft&#8220; (gemeinsam mit Dr. H.-U. Wagner) Seit 7\/2006 | Hans-Bredow-Institut f\u00fcr Medienforschung an der Universit\u00e4t HamburgWissenschaftliche Referentin (Senior Post-doc) 06\/2006 | Universit\u00e4t Hamburg, Promotion an der Fakult\u00e4t f\u00fcr Erziehungswissenschaft, Psychologie und Bewegungswissenschaft, FB Erziehungswissenschaft Weiterlesen\u00a0\u2026","og_url":"https:\/\/www.claudia-lampert.de\/?page_id=1480","og_site_name":"Claudia Lampert","article_modified_time":"2023-09-03T17:23:59+00:00","og_image":[{"url":"https:\/\/www.claudia-lampert.de\/wp-content\/uploads\/2023\/09\/cl3-1024x400.jpg"}],"twitter_card":"summary_large_image","twitter_misc":{"Gesch\u00e4tzte Lesezeit":"2\u00a0Minuten"},"schema":{"@context":"https:\/\/schema.org","@graph":[{"@type":"WebPage","@id":"https:\/\/www.claudia-lampert.de\/?page_id=1480","url":"https:\/\/www.claudia-lampert.de\/?page_id=1480","name":"Lebenslauf - Claudia Lampert","isPartOf":{"@id":"https:\/\/www.claudia-lampert.de\/#website"},"datePublished":"2023-09-03T14:12:24+00:00","dateModified":"2023-09-03T17:23:59+00:00","breadcrumb":{"@id":"https:\/\/www.claudia-lampert.de\/?page_id=1480#breadcrumb"},"inLanguage":"de","potentialAction":[{"@type":"ReadAction","target":["https:\/\/www.claudia-lampert.de\/?page_id=1480"]}]},{"@type":"BreadcrumbList","@id":"https:\/\/www.claudia-lampert.de\/?page_id=1480#breadcrumb","itemListElement":[{"@type":"ListItem","position":1,"name":"Startseite","item":"https:\/\/www.claudia-lampert.de\/"},{"@type":"ListItem","position":2,"name":"\u00dcber mich","item":"https:\/\/www.claudia-lampert.de\/?page_id=10"},{"@type":"ListItem","position":3,"name":"Lebenslauf"}]},{"@type":"WebSite","@id":"https:\/\/www.claudia-lampert.de\/#website","url":"https:\/\/www.claudia-lampert.de\/","name":"Claudia Lampert","description":"","publisher":{"@id":"https:\/\/www.claudia-lampert.de\/#\/schema\/person\/d9a1e59b876efa33489dac1efc9bc1da"},"potentialAction":[{"@type":"SearchAction","target":{"@type":"EntryPoint","urlTemplate":"https:\/\/www.claudia-lampert.de\/?s={search_term_string}"},"query-input":"required name=search_term_string"}],"inLanguage":"de"},{"@type":["Person","Organization"],"@id":"https:\/\/www.claudia-lampert.de\/#\/schema\/person\/d9a1e59b876efa33489dac1efc9bc1da","name":"CL","image":{"@type":"ImageObject","inLanguage":"de","@id":"https:\/\/www.claudia-lampert.de\/#\/schema\/person\/image\/","url":"https:\/\/www.claudia-lampert.de\/wp-content\/uploads\/2020\/04\/logo_cl-scaled.jpg","contentUrl":"https:\/\/www.claudia-lampert.de\/wp-content\/uploads\/2020\/04\/logo_cl-scaled.jpg","width":2414,"height":2560,"caption":"CL"},"logo":{"@id":"https:\/\/www.claudia-lampert.de\/#\/schema\/person\/image\/"}}]}},"_links":{"self":[{"href":"https:\/\/www.claudia-lampert.de\/index.php?rest_route=\/wp\/v2\/pages\/1480"}],"collection":[{"href":"https:\/\/www.claudia-lampert.de\/index.php?rest_route=\/wp\/v2\/pages"}],"about":[{"href":"https:\/\/www.claudia-lampert.de\/index.php?rest_route=\/wp\/v2\/types\/page"}],"author":[{"embeddable":true,"href":"https:\/\/www.claudia-lampert.de\/index.php?rest_route=\/wp\/v2\/users\/1"}],"replies":[{"embeddable":true,"href":"https:\/\/www.claudia-lampert.de\/index.php?rest_route=%2Fwp%2Fv2%2Fcomments&post=1480"}],"version-history":[{"count":5,"href":"https:\/\/www.claudia-lampert.de\/index.php?rest_route=\/wp\/v2\/pages\/1480\/revisions"}],"predecessor-version":[{"id":1510,"href":"https:\/\/www.claudia-lampert.de\/index.php?rest_route=\/wp\/v2\/pages\/1480\/revisions\/1510"}],"up":[{"embeddable":true,"href":"https:\/\/www.claudia-lampert.de\/index.php?rest_route=\/wp\/v2\/pages\/10"}],"wp:attachment":[{"href":"https:\/\/www.claudia-lampert.de\/index.php?rest_route=%2Fwp%2Fv2%2Fmedia&parent=1480"}],"curies":[{"name":"wp","href":"https:\/\/api.w.org\/{rel}","templated":true}]}}