{"id":1724,"date":"2025-06-28T18:38:08","date_gmt":"2025-06-28T18:38:08","guid":{"rendered":"https:\/\/www.claudia-lampert.de\/?page_id=1724"},"modified":"2026-04-02T07:34:45","modified_gmt":"2026-04-02T07:34:45","slug":"arbeitspapiere","status":"publish","type":"page","link":"https:\/\/www.claudia-lampert.de\/?page_id=1724","title":{"rendered":"Arbeitspapiere"},"content":{"rendered":"<p>\u00a0<\/p>\n<p><b>&gt;&gt;\u00a0<a style=\"font-size: 16px;\" href=\"https:\/\/www.claudia-lampert.de\/?page_id=54\" target=\"_blank\" rel=\"noopener\">Monografien<\/a><\/b><\/p>\n<p><strong>&gt;&gt;\u00a0<a href=\"https:\/\/www.claudia-lampert.de\/?page_id=57\">Herausgeberschaften<\/a><\/strong><\/p>\n<p><strong>&gt;&gt;\u00a0<a href=\"https:\/\/www.claudia-lampert.de\/?page_id=59\">Aufs\u00e4tze<\/a><\/strong><\/p>\n<p>Thiel, K.; Lampert, C.; Memis, E. (2026): Generative KI aus Sicht von Jugendlichen. Eine qualitative Studie im Rahmen des\u00a0Projekts \u201eEU Kids Online\u201c. Hamburg: Verlag Hans-Bredow-Institut, Februar 2026,\u00a0<a style=\"font-size: 14px; color: #702650; text-decoration-line: none; line-height: inherit;\" href=\"https:\/\/doi.org\/10.21241\/ssoar.108066\" target=\"_blank\" rel=\"noopener\">https:\/\/doi.org\/10.21241\/ssoar.108066<\/a><\/p>\n<p>Lampert, C.; Leppin, C.; Weis, J. (2025): Fertilit\u00e4t und Ethik in der Onkologie. Eine Analyse ausgew\u00e4hlter Medienformate. Hamburg: Verlag Hans-Bredow-Institut, Juni 2025 (<a href=\"https:\/\/leibniz-hbi.de\/arbeitspapiere\/\">Arbeitspapiere des Hans-Bredow-Instituts<\/a> | Projektergebnisse Nr. 78), <a href=\"https:\/\/doi.org\/10.21241\/ssoar.103190\">https:\/\/doi.org\/10.21241\/ssoar.103190\u00a0<\/a><\/p>\n<p>Dreyer, S.; Lampert, C.; Andresen, S. (2025): Kennzeichnung von bearbeiteten (Influencer-)Fotos: Erforderlichkeit, Wirkung, Regelungsans\u00e4tze. (Arbeitspapiere des Hans-Bredow-Instituts, 75). Hamburg: Verlag Hans-Bredow-Institut.\u00a0<a style=\"font-size: 16px;\" href=\"https:\/\/doi.org\/10.21241\/ssoar.99635\" target=\"_blank\" rel=\"noreferrer noopener\">https:\/\/doi.org\/10.21241\/ssoar.99635<\/a><\/p>\n<p>Stapf, I., Schelenz, L., Dreyer, S., Pfetsch, J., Lampert, C., Andresen, S., Paschel, F., Thiel, K., Wysocki, N., Pfisterer, S., &amp; Heesen, J. (2024). Der SIKID-Kompass: Sicherheit von Kindern in der digitalen Welt im Akteursnetzwerk erm\u00f6glichen (Version 1). Zenodo.\u00a0<a href=\"https:\/\/doi.org\/10.5281\/zenodo.14179985\" target=\"_blank\" rel=\"noopener\">https:\/\/doi.org\/10.5281\/zenodo.14179985<\/a><\/p>\n\n\n<\/p>\n<p>Thiel, K.; Lampert, C. (2023): \u00a0Wahrnehmung, Bewertung und Bew\u00e4ltigung belastender Online-Erfahrungen von Jugendlichen. Eine qualitative Studie im Rahmen des Projekts \u201eSIKID \u2013 Sicherheit f\u00fcr Kinder in der digitalen Welt\u201c. Hamburg: Verlag Hans-Bredow-Institut, Mai 2023 (Arbeitspapiere des Hans-Bredow-Instituts | Projektergebnisse Nr. 65) DOI:\u00a0<a href=\"https:\/\/doi.org\/10.21241\/ssoar.86633\" target=\"_blank\" rel=\"noreferrer noopener\">https:\/\/doi.org\/10.21241\/ssoar.86633<\/a><\/p>\n<p>\n\n\n\n\n\n<\/p>\n<p>Broer, I.; Hasebrink, U.; Lampert, C.; Schr\u00f6der, H.-D.; Wagner, H.-U.; unter Mitarbeit von Corinna Endre\u00df (2021): Kommunikation in Krisen. Hamburg: Hans-Bredow-Institut, September 2021 (Arbeitspapiere des Hans-Bredow-Instituts | Projektergebnisse Nr. 59),\u00a0<a href=\"https:\/\/doi.org\/10.21241\/ssoar.74139\">https:\/\/doi.org\/10.21241\/ssoar.74139<\/a><\/p>\n<p>Lampert, C.; Thiel, K. (2021): Mediennutzung und Schule zur Zeit des ersten Lockdowns w\u00e4hrend der Covid-19-Pandemie 2020. Ergebnisse einer Online-Befragung von 10- bis 18-J\u00e4hrigen in Deutschland. Unter Mitarbeit von Beg\u00fcm G\u00fcng\u00f6r. Hamburg: Verlag Hans-Bredow-Institut, Januar 2021 (Arbeitspapiere des Hans-Bredow-Instituts | Projektergebnisse Nr. 53). <a href=\"https:\/\/doi.org\/10.21241\/ssoar.71712\">https:\/\/doi.org\/10.21241\/ssoar.71712<\/a><\/p>\n<p>\u00a0<\/p>\n<p>\n\n\n<p><\/p>","protected":false},"excerpt":{"rendered":"<p>\u00a0 &gt;&gt;\u00a0Monografien &gt;&gt;\u00a0Herausgeberschaften &gt;&gt;\u00a0Aufs\u00e4tze Thiel, K.; Lampert, C.; Memis, E. (2026): Generative KI aus Sicht von Jugendlichen. Eine qualitative Studie im Rahmen des\u00a0Projekts \u201eEU Kids Online\u201c. Hamburg: Verlag Hans-Bredow-Institut, Februar 2026,\u00a0https:\/\/doi.org\/10.21241\/ssoar.108066 Lampert, C.; Leppin, C.; Weis, J. (2025): Fertilit\u00e4t und Ethik in der Onkologie. Eine Analyse ausgew\u00e4hlter Medienformate. Hamburg: Verlag Hans-Bredow-Institut, Juni 2025 (Arbeitspapiere des <a class=\"more-link\" href=\"https:\/\/www.claudia-lampert.de\/?page_id=1724\">Weiterlesen\u00a0\u2026<\/a><\/p>\n","protected":false},"author":1,"featured_media":0,"parent":26,"menu_order":0,"comment_status":"closed","ping_status":"closed","template":"","meta":[],"yoast_head":"<!-- This site is optimized with the Yoast SEO plugin v20.12 - https:\/\/yoast.com\/wordpress\/plugins\/seo\/ -->\n<title>Arbeitspapiere - Claudia Lampert<\/title>\n<meta name=\"robots\" content=\"index, follow, max-snippet:-1, max-image-preview:large, max-video-preview:-1\" \/>\n<link rel=\"canonical\" href=\"https:\/\/www.claudia-lampert.de\/?page_id=1724\" \/>\n<meta property=\"og:locale\" content=\"de_DE\" \/>\n<meta property=\"og:type\" content=\"article\" \/>\n<meta property=\"og:title\" content=\"Arbeitspapiere - Claudia Lampert\" \/>\n<meta property=\"og:description\" content=\"\u00a0 &gt;&gt;\u00a0Monografien &gt;&gt;\u00a0Herausgeberschaften &gt;&gt;\u00a0Aufs\u00e4tze Thiel, K.; Lampert, C.; Memis, E. (2026): Generative KI aus Sicht von Jugendlichen. Eine qualitative Studie im Rahmen des\u00a0Projekts \u201eEU Kids Online\u201c. Hamburg: Verlag Hans-Bredow-Institut, Februar 2026,\u00a0https:\/\/doi.org\/10.21241\/ssoar.108066 Lampert, C.; Leppin, C.; Weis, J. (2025): Fertilit\u00e4t und Ethik in der Onkologie. Eine Analyse ausgew\u00e4hlter Medienformate. Hamburg: Verlag Hans-Bredow-Institut, Juni 2025 (Arbeitspapiere des Weiterlesen\u00a0\u2026\" \/>\n<meta property=\"og:url\" content=\"https:\/\/www.claudia-lampert.de\/?page_id=1724\" \/>\n<meta property=\"og:site_name\" content=\"Claudia Lampert\" \/>\n<meta property=\"article:modified_time\" content=\"2026-04-02T07:34:45+00:00\" \/>\n<meta name=\"twitter:card\" content=\"summary_large_image\" \/>\n<meta name=\"twitter:label1\" content=\"Gesch\u00e4tzte Lesezeit\" \/>\n\t<meta name=\"twitter:data1\" content=\"2\u00a0Minuten\" \/>\n<script type=\"application\/ld+json\" class=\"yoast-schema-graph\">{\"@context\":\"https:\/\/schema.org\",\"@graph\":[{\"@type\":\"WebPage\",\"@id\":\"https:\/\/www.claudia-lampert.de\/?page_id=1724\",\"url\":\"https:\/\/www.claudia-lampert.de\/?page_id=1724\",\"name\":\"Arbeitspapiere - Claudia Lampert\",\"isPartOf\":{\"@id\":\"https:\/\/www.claudia-lampert.de\/#website\"},\"datePublished\":\"2025-06-28T18:38:08+00:00\",\"dateModified\":\"2026-04-02T07:34:45+00:00\",\"breadcrumb\":{\"@id\":\"https:\/\/www.claudia-lampert.de\/?page_id=1724#breadcrumb\"},\"inLanguage\":\"de\",\"potentialAction\":[{\"@type\":\"ReadAction\",\"target\":[\"https:\/\/www.claudia-lampert.de\/?page_id=1724\"]}]},{\"@type\":\"BreadcrumbList\",\"@id\":\"https:\/\/www.claudia-lampert.de\/?page_id=1724#breadcrumb\",\"itemListElement\":[{\"@type\":\"ListItem\",\"position\":1,\"name\":\"Startseite\",\"item\":\"https:\/\/www.claudia-lampert.de\/\"},{\"@type\":\"ListItem\",\"position\":2,\"name\":\"Ver\u00f6ffentlichtes\",\"item\":\"https:\/\/www.claudia-lampert.de\/?page_id=26\"},{\"@type\":\"ListItem\",\"position\":3,\"name\":\"Arbeitspapiere\"}]},{\"@type\":\"WebSite\",\"@id\":\"https:\/\/www.claudia-lampert.de\/#website\",\"url\":\"https:\/\/www.claudia-lampert.de\/\",\"name\":\"Claudia Lampert\",\"description\":\"\",\"publisher\":{\"@id\":\"https:\/\/www.claudia-lampert.de\/#\/schema\/person\/d9a1e59b876efa33489dac1efc9bc1da\"},\"potentialAction\":[{\"@type\":\"SearchAction\",\"target\":{\"@type\":\"EntryPoint\",\"urlTemplate\":\"https:\/\/www.claudia-lampert.de\/?s={search_term_string}\"},\"query-input\":\"required name=search_term_string\"}],\"inLanguage\":\"de\"},{\"@type\":[\"Person\",\"Organization\"],\"@id\":\"https:\/\/www.claudia-lampert.de\/#\/schema\/person\/d9a1e59b876efa33489dac1efc9bc1da\",\"name\":\"CL\",\"image\":{\"@type\":\"ImageObject\",\"inLanguage\":\"de\",\"@id\":\"https:\/\/www.claudia-lampert.de\/#\/schema\/person\/image\/\",\"url\":\"https:\/\/www.claudia-lampert.de\/wp-content\/uploads\/2020\/04\/logo_cl-scaled.jpg\",\"contentUrl\":\"https:\/\/www.claudia-lampert.de\/wp-content\/uploads\/2020\/04\/logo_cl-scaled.jpg\",\"width\":2414,\"height\":2560,\"caption\":\"CL\"},\"logo\":{\"@id\":\"https:\/\/www.claudia-lampert.de\/#\/schema\/person\/image\/\"}}]}<\/script>\n<!-- \/ Yoast SEO plugin. -->","yoast_head_json":{"title":"Arbeitspapiere - Claudia Lampert","robots":{"index":"index","follow":"follow","max-snippet":"max-snippet:-1","max-image-preview":"max-image-preview:large","max-video-preview":"max-video-preview:-1"},"canonical":"https:\/\/www.claudia-lampert.de\/?page_id=1724","og_locale":"de_DE","og_type":"article","og_title":"Arbeitspapiere - Claudia Lampert","og_description":"\u00a0 &gt;&gt;\u00a0Monografien &gt;&gt;\u00a0Herausgeberschaften &gt;&gt;\u00a0Aufs\u00e4tze Thiel, K.; Lampert, C.; Memis, E. (2026): Generative KI aus Sicht von Jugendlichen. Eine qualitative Studie im Rahmen des\u00a0Projekts \u201eEU Kids Online\u201c. Hamburg: Verlag Hans-Bredow-Institut, Februar 2026,\u00a0https:\/\/doi.org\/10.21241\/ssoar.108066 Lampert, C.; Leppin, C.; Weis, J. (2025): Fertilit\u00e4t und Ethik in der Onkologie. Eine Analyse ausgew\u00e4hlter Medienformate. Hamburg: Verlag Hans-Bredow-Institut, Juni 2025 (Arbeitspapiere des Weiterlesen\u00a0\u2026","og_url":"https:\/\/www.claudia-lampert.de\/?page_id=1724","og_site_name":"Claudia Lampert","article_modified_time":"2026-04-02T07:34:45+00:00","twitter_card":"summary_large_image","twitter_misc":{"Gesch\u00e4tzte Lesezeit":"2\u00a0Minuten"},"schema":{"@context":"https:\/\/schema.org","@graph":[{"@type":"WebPage","@id":"https:\/\/www.claudia-lampert.de\/?page_id=1724","url":"https:\/\/www.claudia-lampert.de\/?page_id=1724","name":"Arbeitspapiere - Claudia Lampert","isPartOf":{"@id":"https:\/\/www.claudia-lampert.de\/#website"},"datePublished":"2025-06-28T18:38:08+00:00","dateModified":"2026-04-02T07:34:45+00:00","breadcrumb":{"@id":"https:\/\/www.claudia-lampert.de\/?page_id=1724#breadcrumb"},"inLanguage":"de","potentialAction":[{"@type":"ReadAction","target":["https:\/\/www.claudia-lampert.de\/?page_id=1724"]}]},{"@type":"BreadcrumbList","@id":"https:\/\/www.claudia-lampert.de\/?page_id=1724#breadcrumb","itemListElement":[{"@type":"ListItem","position":1,"name":"Startseite","item":"https:\/\/www.claudia-lampert.de\/"},{"@type":"ListItem","position":2,"name":"Ver\u00f6ffentlichtes","item":"https:\/\/www.claudia-lampert.de\/?page_id=26"},{"@type":"ListItem","position":3,"name":"Arbeitspapiere"}]},{"@type":"WebSite","@id":"https:\/\/www.claudia-lampert.de\/#website","url":"https:\/\/www.claudia-lampert.de\/","name":"Claudia Lampert","description":"","publisher":{"@id":"https:\/\/www.claudia-lampert.de\/#\/schema\/person\/d9a1e59b876efa33489dac1efc9bc1da"},"potentialAction":[{"@type":"SearchAction","target":{"@type":"EntryPoint","urlTemplate":"https:\/\/www.claudia-lampert.de\/?s={search_term_string}"},"query-input":"required name=search_term_string"}],"inLanguage":"de"},{"@type":["Person","Organization"],"@id":"https:\/\/www.claudia-lampert.de\/#\/schema\/person\/d9a1e59b876efa33489dac1efc9bc1da","name":"CL","image":{"@type":"ImageObject","inLanguage":"de","@id":"https:\/\/www.claudia-lampert.de\/#\/schema\/person\/image\/","url":"https:\/\/www.claudia-lampert.de\/wp-content\/uploads\/2020\/04\/logo_cl-scaled.jpg","contentUrl":"https:\/\/www.claudia-lampert.de\/wp-content\/uploads\/2020\/04\/logo_cl-scaled.jpg","width":2414,"height":2560,"caption":"CL"},"logo":{"@id":"https:\/\/www.claudia-lampert.de\/#\/schema\/person\/image\/"}}]}},"_links":{"self":[{"href":"https:\/\/www.claudia-lampert.de\/index.php?rest_route=\/wp\/v2\/pages\/1724"}],"collection":[{"href":"https:\/\/www.claudia-lampert.de\/index.php?rest_route=\/wp\/v2\/pages"}],"about":[{"href":"https:\/\/www.claudia-lampert.de\/index.php?rest_route=\/wp\/v2\/types\/page"}],"author":[{"embeddable":true,"href":"https:\/\/www.claudia-lampert.de\/index.php?rest_route=\/wp\/v2\/users\/1"}],"replies":[{"embeddable":true,"href":"https:\/\/www.claudia-lampert.de\/index.php?rest_route=%2Fwp%2Fv2%2Fcomments&post=1724"}],"version-history":[{"count":39,"href":"https:\/\/www.claudia-lampert.de\/index.php?rest_route=\/wp\/v2\/pages\/1724\/revisions"}],"predecessor-version":[{"id":1874,"href":"https:\/\/www.claudia-lampert.de\/index.php?rest_route=\/wp\/v2\/pages\/1724\/revisions\/1874"}],"up":[{"embeddable":true,"href":"https:\/\/www.claudia-lampert.de\/index.php?rest_route=\/wp\/v2\/pages\/26"}],"wp:attachment":[{"href":"https:\/\/www.claudia-lampert.de\/index.php?rest_route=%2Fwp%2Fv2%2Fmedia&parent=1724"}],"curies":[{"name":"wp","href":"https:\/\/api.w.org\/{rel}","templated":true}]}}