{"id":328,"date":"2017-05-30T19:16:48","date_gmt":"2017-05-30T19:16:48","guid":{"rendered":"http:\/\/www.claudia-lampert.de\/?page_id=328"},"modified":"2023-08-01T08:59:24","modified_gmt":"2023-08-01T08:59:24","slug":"vortraege-2016","status":"publish","type":"page","link":"https:\/\/www.claudia-lampert.de\/?page_id=328","title":{"rendered":"Vortr\u00e4ge 2016-2020"},"content":{"rendered":"\n<h3 class=\"wp-block-heading\">2020<\/h3>\n\n\n\n<p>\u201eGesundheitsbezogene Herausforderungen f\u00fcr die Medienbildung\u201c, Moderation eines Online-Workshops im Rahmen des Fachtags <a href=\"https:\/\/www.baustelle-medienbildung.de\/\" target=\"_blank\" rel=\"noreferrer noopener\">\u201eBaustellen der Medienbildung in Hamburg\u201c<\/a> am 25. September 2020.<\/p>\n\n\n\n<p>&#8222;Jugendliche in digitalen Medienumgebungen&#8220;, Online-Vortrag von C. Lampert im Rahmen des Medientages des Gymnasium Osterbek am 9. Juni 2020.<\/p>\n\n\n\n<p>&#8222;Challenges for Internet Users as Health Agents in their own Affairs&#8220;, Vortrag von C. Lampert und M. Abaiadze im Rahmen des Workshops &#8222;Patients\u2019 Changing Agency in the Tension of digital and non-digital Health Communication&#8220; am 4. Februar 2020 in Hamburg.<\/p>\n\n\n\n<h3 class=\"wp-block-heading\">2019<\/h3>\n\n\n\n<p>&#8222;Soziale Netzwerke und Cystische Fibrose: Guter Rat und guter Zweck versus Dr. Google und Gurus&#8220;, Vortrag von C. Lampert im Rahmen der 22. Mukoviszidose-Tagung am 22. November 2019 in W\u00fcrzburg.<\/p>\n\n\n\n<p>&#8222;Fun or Risk?&#8220; Online-Erfahrungen von Kindern und Jugendlichen&#8220;, Vortrag von C. Lampert im Rahmen der Veranstaltung &#8222;Digitale Depression? Lust und Frust mit den digitalen M\u00f6glichen&#8220; des Harburger B\u00fcndnisses f\u00fcr Depression am 13. November 2019 in Hamburg-Harburg.<\/p>\n\n\n\n<p>&#8222;Kommunikation im Umbruch.&#8220; Vortrag von C. Lampert im Rahmen der Tagung &#8222;Apps, Blogs, Chats &#8211; Selbsthilfe digital&#8220; der Stiftung Deutsche Krebshilfe am 6. November 2019 in Bonn-Bad Godesberg.<\/p>\n\n\n\n<p>&#8222;Gesundheitskommunikation medial: Wie lassen sich digitale Medien f\u00fcr die Gesundheitsf\u00f6rderung einsetzen?&#8220; Vortrag von C. Lampert im Rahmen des&nbsp;<a href=\"https:\/\/kids.fit-4-future.de\/1_ALTE%20Assets\/f4f-kongress\/Programm%20f4f%20Kongress%202019_Stand%2022.08.2019.pdf\" target=\"_blank\" rel=\"noreferrer noopener\">Fit for Future-Kongresses<\/a>&nbsp;zum Thema &#8220; Analoge Eltern \u2013 digitale Kinder? Gemeinsam gesund aufwachsen!&#8220; am 25. Oktober 2019 in Bad Griesbach.<\/p>\n\n\n\n<p>&#8222;Smart Families. Digitale Medien in der Familie&#8220;, Vortrag von C. Lampert im Rahmen der&nbsp;Fachtagung \u201eDigitale Zukunft&nbsp; &#8211; Medienerziehung in der vernetzten Familie am 4. September 2019 in Potsdam.<\/p>\n\n\n\n<p>&#8222;Entziehen oder Erziehen? Digitalisierung in Familie und Bildung&#8220;, Vortrag von C. Lampert im Rahmen der Fachtagung \u201eDigitale Zukunft&nbsp; &#8211; Medienerziehung in der vernetzten Familie am 4. September 2019 in Potsdam.<\/p>\n\n\n\n<p>&#8222;Smart Toys: Struggling between Pessimism and Euphorism&#8220;, Vortrag von C. Lampert und C. Tr\u00fcltzsch-Wijnen im Rahmen der IAMCR am 10. Juli 2019 in Madrid.<\/p>\n\n\n\n<p>&#8222;Onlinewerbung aus Kindersicht&#8220;, Vortrag von C. Lampert im Rahmen der Ringvorlesung &#8222;Digital Literacy &#8211; kompetent durch die digitale Welt&#8220; an der HAW am 13. Juni 2019 in Hamburg.<\/p>\n\n\n\n<p>&#8222;Digitalisierung und Datafizierung in der Gesundheitsf\u00f6rderung&#8220;, Vortrag von C. Lampert im Rahmen der Ringvorlesung&nbsp;<a href=\"https:\/\/www.herma.uni-hamburg.de\/images\/plakat-ringvorlesung-herma.pdf\">&#8222;Gesundheit verstehen &#8211; Digital Humanities im Dialog<\/a>&#8220; am 4. Juni 2019 in Hamburg.<\/p>\n\n\n\n<p>&#8222;Medienkompetenzvermittlung in der Behindertenhilfe&#8220;, Vortrag von N. Zaynel, I.&nbsp; Bosse und C. Lampert im Rahmen der 64. DGPuK-Jahrestagung am 11. Mai 2019 in M\u00fcnster.<\/p>\n\n\n\n<p>&#8222;(Deep) Mediatized Family Life: The&nbsp;Role of Media in Parent-Child Interaction&#8220;, Vortrag von&nbsp;C. Lampert, M. Rechlitz, R. Kammerl und J. M\u00fcller im Rahmen der Tagung &#8222;Reconceptualising Early Childhood Literacies:&nbsp;An International Conference&#8220; am 7. M\u00e4rz 2019 in Manchester.<\/p>\n\n\n\n<p>&#8222;The media representations of IoToys \u2013 implications for public understanding and children\u2019s rights&#8220;, Vortrag von Tijana Milosevic,&nbsp; C. Lampert und C. Trueltzsch-Wijnen im Rahmen des WG 4 Symposiums &#8222;Researching the Internet of Toys&#8220; auf der Tagung&nbsp; Reconceptualising Early Childhood Literacies: An International Conference&#8220; am 7. M\u00e4rz 2019 in Manchester.<\/p>\n\n\n\n<p>&#8222;&#8218;Gesunder&#8216; Umgang mit Medien im Familienalltag&#8220;, Vortrag von C. Lampert im Rahmen der Tagung Paediatric Research Leipzig am 2. M\u00e4rz 2019 in Leipzig.<br><a href=\"https:\/\/www.paediatric-research.de\/programm\/\" target=\"_blank\" rel=\"noreferrer noopener\">https:\/\/www.paediatric-research.de\/programm\/<\/a><\/p>\n\n\n\n<p>&#8222;Kinder brauchen medienkompetente Vorbilder \u2013&nbsp;Herausforderungen f\u00fcr den Medienumgang in der Familie&#8220;, Vortrag von C. Lampert im Rahmen der Fachtagung \u201eDigitaler Familienalltag: Mediennutzung und fr\u00fche Kindheit\u201c der Fachstelle Suchtpr\u00e4vention Berlin am 5. Februar 2019 in Berlin.<\/p>\n\n\n\n<h3 class=\"wp-block-heading\"><strong>2018<\/strong><\/h3>\n\n\n\n<p>&#8222;Aufwachsen in kommerzialisierten Lebenswelten&#8220;, Vortrag von C. Lampert im Rahmen der Tagung &#8222;Du willst es! Du kriegst es! Ist eine Erziehung zum Verzicht m\u00f6glich?&#8220; der Landesstelle Jugendschutz Niedersachsen am 5. Dezember 2018 in Hannover.<\/p>\n\n\n\n<p>&#8222;Sensitive prime-time. Developmental- and disease-related topics in a popular German TV-series\u201d, Vortrag von C. Lampert im Rahmen der ECC am 1. November 2018 in Lugano.<\/p>\n\n\n\n<p>\u201eWhat are you concerned about? Classifying children&#8217;s and parents&#8216; concerns regarding online communication\u201c Vortrag von U. Haserbrink, M.Rechlitz, S. Dreyer, N. Br\u00fcggen, C. Gebel und C. Lampert im Rahmen der ECC am 1. November 2018 in Lugano.<\/p>\n\n\n\n<p>\u201e&#8217;Wie geht&#8217;s mir heute?&#8216; Digitale Gesundheitsangebote im Medienrepertoire von Kindern und Jugendlichen&#8220;, Vortrag von C. Lampert im Rahmen des&nbsp;28. N\u00fcrnberger Forums der Kinder- und Jugendarbeit &#8222;Alles fit? &#8211; Chancen f\u00fcr ein gesundes Aufwachsen von jungen Menschen in der Kinder- und Jugendarbeit&#8220; am 20. September 2018 in N\u00fcrnberg.<\/p>\n\n\n\n<p>&#8222;Sozialisation in einer sich wandelnden Medienumgebung&#8220;, Vortrag von&nbsp;R. Kammerl, M. Rechlitz, C. Lampert und J. M\u00fcller im Rahmen der Herbsttagung der DGfE-Sektion Medienp\u00e4dagogik zum Thema &#8222;Medienp\u00e4dagogik im Zeichen einer tiefgreifenden Mediatisierung&#8220; am 20. September 2018 in Bremen.<\/p>\n\n\n\n<p>&#8222;Faszinierend verf\u00fchrerisch.Digitale Medien in der Lebenswelt von Heranwachsenden und in der Gesundheitsf\u00f6rderung&#8220;, Vortrag von C. Lampert im Rahmen der&nbsp;Wiener Gesundheitsf\u00f6rderungskonferenz&nbsp;am 10. September 2018 in Wien.<\/p>\n\n\n\n<p>&#8222;Gesundheitskommunikation als transdisziplin\u00e4res Forschungsfeld.&#8220; Vortrag von C. Lampert im Rahmen der Ringvorlesung &#8222;Lebensweltbezogene AV- und Onlinekommunikation&#8220; am 18. Juni 2018 in Salzburg.<\/p>\n\n\n\n<p>&#8222;How Can Good (Health) Apps for Kids Be Found? Challenges in Terms of Trust, Transparency and Media Literacy&#8220;, Vortrag von C. Lampert im Rahmen der Pre-Conference &#8222;Trust, Control, and Privacy: Mediatisation of Childhood and Adolescence in the Digital Age&#8220; am 23. Mai 2018 in Prag.<\/p>\n\n\n\n<p>&#8222;Smart Toys in Public Discourse: A Case Study of Germany and Austria&#8220;, Vortrag von C. Tr\u00fcltzsch-Wijnen und C. Lampert auf der ICA-Tagung am 25. Mai 2018 in Prag.<\/p>\n\n\n\n<p>\u201e(Un)certainly Positive: The Portrayal of Complementary and Alternative Medicine in German Cancer Patient Magazines&#8220;, Vortrag von M. Grimm, C. Lampert und S. Wahl auf der ICA-Tagung am 28. Mai 2018 in Prag.<\/p>\n\n\n\n<p>\u201eMobile Medien in der elterlichen Medienerziehung\u201c, Vortrag von C. Lampert im Rahmen des DGfE-Kongresses \u201eBewegungen\u201c am 20. M\u00e4rz 2018 in Essen.<\/p>\n\n\n\n<h3 class=\"wp-block-heading\">2017<\/h3>\n\n\n\n<p>&#8222;Digitale Spielsachen f\u00fcr die \u201eKleinen\u201c \u2013 Spielmittel oder -ware?&#8220;, Vortrag von C. Lampert im Rahmen der 13. interdisziplin\u00e4ren Fachtagung des JFF zum Thema &#8222;Kinderspiel in digitalen Lebenswelten.&nbsp;Neue Perspektiven in der fr\u00fchen Bildung&#8220; am 1. Dezember 2017 in M\u00fcnchen.<\/p>\n\n\n\n<p>&#8222;Geteiltes Evidenzverst\u00e4ndnis? Evidenzkriterien aus Patientensicht&#8220;, Vortrag von C. Lampert und M. Grimm im Rahmen der 2. Jahrestagung der DGPuK-Fachgruppe Gesundheitskommunikation am 16. November 2017 in Erfurt.<\/p>\n\n\n\n<p>&#8222;Social Media in der Gesundheitskommunikation&#8220;, Vortrag von C. Lampert im Rahmen der Fachkonferenz &#8222;Selbstbestimmt, selbstbewusst und (selbst)-s\u00fcchtig? Zug\u00e4nge zur Generation Z&#8220; von SUCHT.HAMBURG am 8. November 2017.<\/p>\n\n\n\n<p>&#8222;Darstellung von Alkohol in Film und Fernsehen&#8220;, Vortrag und Workshop von C. Lampert im Rahmen der Tagung Alkohol. Sucht. Gesellschaft. Soziale, \u00f6konomische und gesundheitliche Bilanzierung eines vermeintlichen Kulturguts am 23. September 2017 in Tutzingen.<\/p>\n\n\n\n<p>&#8222;Hate Speech im Netz&#8220;, Workshop von C. Lampert im Rahmen der Sommeruniversit\u00e4t 2017 &#8222;Kreativit\u00e4t und Dialog. Sich einmischen in gespaltenen Gesellschaften&#8220; am 30. August 2017 in Hamburg. &#8222;Wie ver\u00e4ndern Smartphone, Tablet &amp; Co das Familienleben?&#8220;, Vortrag von C. Lampert im Rahmen des Fachkongresses &#8222;Nur Mut! Hilfebeziehungen zwischen Zwang, Handlungsdruck und Achtsamkeit&#8220; am 7. Juli 2017 in K\u00f6ln.<\/p>\n\n\n\n<h3 class=\"wp-block-heading\">2016<\/h3>\n\n\n<p>\u201eMore than the sum of its parts: Transdisciplinary Health Communication in areas with medical uncertainty\u201c, Vortrag von C. Lampert &amp; M. Grimm im Rahmen der 1. Jahrestagung der DGPuK-Fachgruppe Gesundheitskommunikation am 24. November 2016 in Hamburg.<\/p>\n<p>&#8222;Mama, Papa, IPad. Surfen &#8211; daddeln &#8211; glotzen &#8211; zocken&#8220;, Vortrag von C. Lampert im Rahmen der Reihe &#8222;Schulkampus&#8220; am 1. M\u00e4rz 2016 an der Schule Schulkamp in Hamburg.<\/p>\n<p>&#8222;Chancen und Grenzen digitaler Medien f\u00fcr die Pr\u00e4vention&#8220;, Vortrag von C. Lampert im Rahmen der Fachtagung &#8222;Kinderunfallpr\u00e4vention Online &#8211; Neue Kommunikationswege f\u00fcr Sicherheitsbotschaften&#8220; der Bundesarbeitsgemeinschaft Mehr Sichherheit f\u00fcr Kinder am 26. Januar 2016 in Berlin.<\/p>\n<p><\/p>","protected":false},"excerpt":{"rendered":"<p>2020 \u201eGesundheitsbezogene Herausforderungen f\u00fcr die Medienbildung\u201c, Moderation eines Online-Workshops im Rahmen des Fachtags \u201eBaustellen der Medienbildung in Hamburg\u201c am 25. September 2020. &#8222;Jugendliche in digitalen Medienumgebungen&#8220;, Online-Vortrag von C. Lampert im Rahmen des Medientages des Gymnasium Osterbek am 9. Juni 2020. &#8222;Challenges for Internet Users as Health Agents in their own Affairs&#8220;, Vortrag von C. <a class=\"more-link\" href=\"https:\/\/www.claudia-lampert.de\/?page_id=328\">Weiterlesen\u00a0\u2026<\/a><\/p>\n","protected":false},"author":1,"featured_media":0,"parent":28,"menu_order":4,"comment_status":"closed","ping_status":"closed","template":"","meta":[],"yoast_head":"<!-- This site is optimized with the Yoast SEO plugin v20.12 - https:\/\/yoast.com\/wordpress\/plugins\/seo\/ -->\n<title>Vortr\u00e4ge 2016-2020 - Claudia Lampert<\/title>\n<meta name=\"robots\" content=\"index, follow, max-snippet:-1, max-image-preview:large, max-video-preview:-1\" \/>\n<link rel=\"canonical\" href=\"https:\/\/www.claudia-lampert.de\/?page_id=328\" \/>\n<meta property=\"og:locale\" content=\"de_DE\" \/>\n<meta property=\"og:type\" content=\"article\" \/>\n<meta property=\"og:title\" content=\"Vortr\u00e4ge 2016-2020 - Claudia Lampert\" \/>\n<meta property=\"og:description\" content=\"2020 \u201eGesundheitsbezogene Herausforderungen f\u00fcr die Medienbildung\u201c, Moderation eines Online-Workshops im Rahmen des Fachtags \u201eBaustellen der Medienbildung in Hamburg\u201c am 25. September 2020. &#8222;Jugendliche in digitalen Medienumgebungen&#8220;, Online-Vortrag von C. Lampert im Rahmen des Medientages des Gymnasium Osterbek am 9. Juni 2020. &#8222;Challenges for Internet Users as Health Agents in their own Affairs&#8220;, Vortrag von C. Weiterlesen\u00a0\u2026\" \/>\n<meta property=\"og:url\" content=\"https:\/\/www.claudia-lampert.de\/?page_id=328\" \/>\n<meta property=\"og:site_name\" content=\"Claudia Lampert\" \/>\n<meta property=\"article:modified_time\" content=\"2023-08-01T08:59:24+00:00\" \/>\n<meta name=\"twitter:card\" content=\"summary_large_image\" \/>\n<meta name=\"twitter:label1\" content=\"Gesch\u00e4tzte Lesezeit\" \/>\n\t<meta name=\"twitter:data1\" content=\"7\u00a0Minuten\" \/>\n<script type=\"application\/ld+json\" class=\"yoast-schema-graph\">{\"@context\":\"https:\/\/schema.org\",\"@graph\":[{\"@type\":\"WebPage\",\"@id\":\"https:\/\/www.claudia-lampert.de\/?page_id=328\",\"url\":\"https:\/\/www.claudia-lampert.de\/?page_id=328\",\"name\":\"Vortr\u00e4ge 2016-2020 - Claudia Lampert\",\"isPartOf\":{\"@id\":\"https:\/\/www.claudia-lampert.de\/#website\"},\"datePublished\":\"2017-05-30T19:16:48+00:00\",\"dateModified\":\"2023-08-01T08:59:24+00:00\",\"breadcrumb\":{\"@id\":\"https:\/\/www.claudia-lampert.de\/?page_id=328#breadcrumb\"},\"inLanguage\":\"de\",\"potentialAction\":[{\"@type\":\"ReadAction\",\"target\":[\"https:\/\/www.claudia-lampert.de\/?page_id=328\"]}]},{\"@type\":\"BreadcrumbList\",\"@id\":\"https:\/\/www.claudia-lampert.de\/?page_id=328#breadcrumb\",\"itemListElement\":[{\"@type\":\"ListItem\",\"position\":1,\"name\":\"Startseite\",\"item\":\"https:\/\/www.claudia-lampert.de\/\"},{\"@type\":\"ListItem\",\"position\":2,\"name\":\"Vorgetragenes\",\"item\":\"https:\/\/www.claudia-lampert.de\/?page_id=28\"},{\"@type\":\"ListItem\",\"position\":3,\"name\":\"Vortr\u00e4ge 2016-2020\"}]},{\"@type\":\"WebSite\",\"@id\":\"https:\/\/www.claudia-lampert.de\/#website\",\"url\":\"https:\/\/www.claudia-lampert.de\/\",\"name\":\"Claudia Lampert\",\"description\":\"\",\"publisher\":{\"@id\":\"https:\/\/www.claudia-lampert.de\/#\/schema\/person\/d9a1e59b876efa33489dac1efc9bc1da\"},\"potentialAction\":[{\"@type\":\"SearchAction\",\"target\":{\"@type\":\"EntryPoint\",\"urlTemplate\":\"https:\/\/www.claudia-lampert.de\/?s={search_term_string}\"},\"query-input\":\"required name=search_term_string\"}],\"inLanguage\":\"de\"},{\"@type\":[\"Person\",\"Organization\"],\"@id\":\"https:\/\/www.claudia-lampert.de\/#\/schema\/person\/d9a1e59b876efa33489dac1efc9bc1da\",\"name\":\"CL\",\"image\":{\"@type\":\"ImageObject\",\"inLanguage\":\"de\",\"@id\":\"https:\/\/www.claudia-lampert.de\/#\/schema\/person\/image\/\",\"url\":\"https:\/\/www.claudia-lampert.de\/wp-content\/uploads\/2020\/04\/logo_cl-scaled.jpg\",\"contentUrl\":\"https:\/\/www.claudia-lampert.de\/wp-content\/uploads\/2020\/04\/logo_cl-scaled.jpg\",\"width\":2414,\"height\":2560,\"caption\":\"CL\"},\"logo\":{\"@id\":\"https:\/\/www.claudia-lampert.de\/#\/schema\/person\/image\/\"}}]}<\/script>\n<!-- \/ Yoast SEO plugin. -->","yoast_head_json":{"title":"Vortr\u00e4ge 2016-2020 - Claudia Lampert","robots":{"index":"index","follow":"follow","max-snippet":"max-snippet:-1","max-image-preview":"max-image-preview:large","max-video-preview":"max-video-preview:-1"},"canonical":"https:\/\/www.claudia-lampert.de\/?page_id=328","og_locale":"de_DE","og_type":"article","og_title":"Vortr\u00e4ge 2016-2020 - Claudia Lampert","og_description":"2020 \u201eGesundheitsbezogene Herausforderungen f\u00fcr die Medienbildung\u201c, Moderation eines Online-Workshops im Rahmen des Fachtags \u201eBaustellen der Medienbildung in Hamburg\u201c am 25. September 2020. &#8222;Jugendliche in digitalen Medienumgebungen&#8220;, Online-Vortrag von C. Lampert im Rahmen des Medientages des Gymnasium Osterbek am 9. Juni 2020. &#8222;Challenges for Internet Users as Health Agents in their own Affairs&#8220;, Vortrag von C. Weiterlesen\u00a0\u2026","og_url":"https:\/\/www.claudia-lampert.de\/?page_id=328","og_site_name":"Claudia Lampert","article_modified_time":"2023-08-01T08:59:24+00:00","twitter_card":"summary_large_image","twitter_misc":{"Gesch\u00e4tzte Lesezeit":"7\u00a0Minuten"},"schema":{"@context":"https:\/\/schema.org","@graph":[{"@type":"WebPage","@id":"https:\/\/www.claudia-lampert.de\/?page_id=328","url":"https:\/\/www.claudia-lampert.de\/?page_id=328","name":"Vortr\u00e4ge 2016-2020 - Claudia Lampert","isPartOf":{"@id":"https:\/\/www.claudia-lampert.de\/#website"},"datePublished":"2017-05-30T19:16:48+00:00","dateModified":"2023-08-01T08:59:24+00:00","breadcrumb":{"@id":"https:\/\/www.claudia-lampert.de\/?page_id=328#breadcrumb"},"inLanguage":"de","potentialAction":[{"@type":"ReadAction","target":["https:\/\/www.claudia-lampert.de\/?page_id=328"]}]},{"@type":"BreadcrumbList","@id":"https:\/\/www.claudia-lampert.de\/?page_id=328#breadcrumb","itemListElement":[{"@type":"ListItem","position":1,"name":"Startseite","item":"https:\/\/www.claudia-lampert.de\/"},{"@type":"ListItem","position":2,"name":"Vorgetragenes","item":"https:\/\/www.claudia-lampert.de\/?page_id=28"},{"@type":"ListItem","position":3,"name":"Vortr\u00e4ge 2016-2020"}]},{"@type":"WebSite","@id":"https:\/\/www.claudia-lampert.de\/#website","url":"https:\/\/www.claudia-lampert.de\/","name":"Claudia Lampert","description":"","publisher":{"@id":"https:\/\/www.claudia-lampert.de\/#\/schema\/person\/d9a1e59b876efa33489dac1efc9bc1da"},"potentialAction":[{"@type":"SearchAction","target":{"@type":"EntryPoint","urlTemplate":"https:\/\/www.claudia-lampert.de\/?s={search_term_string}"},"query-input":"required name=search_term_string"}],"inLanguage":"de"},{"@type":["Person","Organization"],"@id":"https:\/\/www.claudia-lampert.de\/#\/schema\/person\/d9a1e59b876efa33489dac1efc9bc1da","name":"CL","image":{"@type":"ImageObject","inLanguage":"de","@id":"https:\/\/www.claudia-lampert.de\/#\/schema\/person\/image\/","url":"https:\/\/www.claudia-lampert.de\/wp-content\/uploads\/2020\/04\/logo_cl-scaled.jpg","contentUrl":"https:\/\/www.claudia-lampert.de\/wp-content\/uploads\/2020\/04\/logo_cl-scaled.jpg","width":2414,"height":2560,"caption":"CL"},"logo":{"@id":"https:\/\/www.claudia-lampert.de\/#\/schema\/person\/image\/"}}]}},"_links":{"self":[{"href":"https:\/\/www.claudia-lampert.de\/index.php?rest_route=\/wp\/v2\/pages\/328"}],"collection":[{"href":"https:\/\/www.claudia-lampert.de\/index.php?rest_route=\/wp\/v2\/pages"}],"about":[{"href":"https:\/\/www.claudia-lampert.de\/index.php?rest_route=\/wp\/v2\/types\/page"}],"author":[{"embeddable":true,"href":"https:\/\/www.claudia-lampert.de\/index.php?rest_route=\/wp\/v2\/users\/1"}],"replies":[{"embeddable":true,"href":"https:\/\/www.claudia-lampert.de\/index.php?rest_route=%2Fwp%2Fv2%2Fcomments&post=328"}],"version-history":[{"count":5,"href":"https:\/\/www.claudia-lampert.de\/index.php?rest_route=\/wp\/v2\/pages\/328\/revisions"}],"predecessor-version":[{"id":1252,"href":"https:\/\/www.claudia-lampert.de\/index.php?rest_route=\/wp\/v2\/pages\/328\/revisions\/1252"}],"up":[{"embeddable":true,"href":"https:\/\/www.claudia-lampert.de\/index.php?rest_route=\/wp\/v2\/pages\/28"}],"wp:attachment":[{"href":"https:\/\/www.claudia-lampert.de\/index.php?rest_route=%2Fwp%2Fv2%2Fmedia&parent=328"}],"curies":[{"name":"wp","href":"https:\/\/api.w.org\/{rel}","templated":true}]}}