{"id":57,"date":"2010-01-13T20:09:46","date_gmt":"2010-01-13T20:09:46","guid":{"rendered":"http:\/\/localhost\/wordpress\/?page_id=57"},"modified":"2025-12-03T08:07:52","modified_gmt":"2025-12-03T08:07:52","slug":"herausgeberschaften","status":"publish","type":"page","link":"https:\/\/www.claudia-lampert.de\/?page_id=57","title":{"rendered":"Herausgeberschaften"},"content":{"rendered":"<p><span style=\"color: #003366;\"><strong>&gt;&gt; <a href=\"https:\/\/www.claudia-lampert.de\/?page_id=54\">Monografien<\/a><\/strong><\/span><\/p>\n<p><strong style=\"color: #003366;\">&gt;&gt; <a href=\"https:\/\/www.claudia-lampert.de\/?page_id=59\">Aufs\u00e4tze<\/a><\/strong><\/p>\n<p><strong>&gt;&gt; <a href=\"https:\/\/www.claudia-lampert.de\/?page_id=1724\">Arbeitspapiere<\/a><\/strong><\/p>\n<p>Lampert, C., Potzel, K. &amp; Kammerl, R. (Hrsg.) (2025): Sozialisation in einer sich wandelnden Medienumgebung. Zur Erweiterung und Ver\u00e4nderung des Beziehungsnetzwerks. [Schriftenreihe Medienerziehung | Media Education, Band 9] Baden-Baden: Nomos. Online unter <a href=\"https:\/\/doi.org\/10.5771\/9783748963301\">doi.org\/10.5771\/9783748963301<\/a> E-Book Open Access verf\u00fcgbar.<\/p>\n<p>Kammerl, R.; Lampert, C.; M\u00fcller, J. (2022) (Hrsg.): Sozialisation in einer sich wandelnden Medienumgebung Zur Rolle der kommunikativen Figuration Familie. [Schriftenreihe Medienerziehung | Media Education, Band 6] Baden-Baden: Nomos Verlag. <a href=\"https:\/\/www.nomos-elibrary.de\/10.5771\/9783748928621\/sozialisation-in-einer-sich-wandelnden-medienumgebung?page=1\" target=\"_blank\" rel=\"noopener\">doi.org\/10.5771\/9783748928621<\/a><\/p>\n<p>Lampert, C.; Gebel, C. (2022): Themenschwerpunkt der Zeitschrift merz | medien+erziehung zu &#8222;Gesundheit und Medien&#8220; (2022\/01), erschienen am 15. Februar 2022. kopaed Verlag.<\/p>\n<p>Lampert, C.; Grimm, M. (2017): Gesundheitskommunikation als transdisziplin\u00e4res Forschungsfeld. Baden-Baden: Nomos Verlag.<\/p>\n<p>Wagner, U.; Gebel, C.; Lampert, C. (2013) (Hrsg.): Zwischen Anspruch und Alltagsbew\u00e4ltigung: Medienerziehung in der Familie. Berlin: Vistas (Schriftenreihe Medienforschung der LfM Band 72).<\/p>\n<p>Fritz, J.; Lampert, C.; Schmidt, J.; Witting, T. (2011) (Hrsg.): Kompetenzen und exzessive Nutzung bei Computerspielern: Gefordert, gef\u00f6rdert, gef\u00e4hrdet. Schriftenreihe Medienforschung der Landesanstalt f\u00fcr Medien NRW (LfM), Band 66. Berlin.<\/p>\n<p>Fuhs, B.; Lampert, C.; Rosenstock, R. (2010) (Hrsg.): Mit der Welt vernetzt. Kinder und Jugendliche in virtuellen Erfahrungsr\u00e4umen. M\u00fcnchen: kopaed.<\/p>\n<p>Aufenanger, S.; Gro\u00dfe-Loheide, M.; Hasebrink; Lampert, C. (2002)(Hrsg.): Alkohol \u2013 Fernsehen \u2013 Jugendliche. Programmanalyse und medienp\u00e4dagogische Praxisprojekte. Berlin: Vistas Verlag.<\/p>\n<p>Paus-Haase, I.; Lampert, C.; S\u00fcss, D. (2002) (Hrsg.): Medienp\u00e4dagogik in der Publizistik- und Kommunikationswissenschaft. Wiesbaden: Westdeutscher Verlag.<\/p>\n","protected":false},"excerpt":{"rendered":"<p>&gt;&gt; Monografien &gt;&gt; Aufs\u00e4tze &gt;&gt; Arbeitspapiere Lampert, C., Potzel, K. &amp; Kammerl, R. (Hrsg.) (2025): Sozialisation in einer sich wandelnden Medienumgebung. Zur Erweiterung und Ver\u00e4nderung des Beziehungsnetzwerks. [Schriftenreihe Medienerziehung | Media Education, Band 9] Baden-Baden: Nomos. Online unter doi.org\/10.5771\/9783748963301 E-Book Open Access verf\u00fcgbar. Kammerl, R.; Lampert, C.; M\u00fcller, J. (2022) (Hrsg.): Sozialisation in einer sich <a class=\"more-link\" href=\"https:\/\/www.claudia-lampert.de\/?page_id=57\">Weiterlesen\u00a0\u2026<\/a><\/p>\n","protected":false},"author":1,"featured_media":0,"parent":26,"menu_order":2,"comment_status":"closed","ping_status":"closed","template":"","meta":[],"yoast_head":"<!-- This site is optimized with the Yoast SEO plugin v20.12 - https:\/\/yoast.com\/wordpress\/plugins\/seo\/ -->\n<title>Herausgeberschaften - Claudia Lampert<\/title>\n<meta name=\"robots\" content=\"index, follow, max-snippet:-1, max-image-preview:large, max-video-preview:-1\" \/>\n<link rel=\"canonical\" href=\"https:\/\/www.claudia-lampert.de\/?page_id=57\" \/>\n<meta property=\"og:locale\" content=\"de_DE\" \/>\n<meta property=\"og:type\" content=\"article\" \/>\n<meta property=\"og:title\" content=\"Herausgeberschaften - Claudia Lampert\" \/>\n<meta property=\"og:description\" content=\"&gt;&gt; Monografien &gt;&gt; Aufs\u00e4tze &gt;&gt; Arbeitspapiere Lampert, C., Potzel, K. &amp; Kammerl, R. (Hrsg.) (2025): Sozialisation in einer sich wandelnden Medienumgebung. Zur Erweiterung und Ver\u00e4nderung des Beziehungsnetzwerks. [Schriftenreihe Medienerziehung | Media Education, Band 9] Baden-Baden: Nomos. Online unter doi.org\/10.5771\/9783748963301 E-Book Open Access verf\u00fcgbar. Kammerl, R.; Lampert, C.; M\u00fcller, J. (2022) (Hrsg.): Sozialisation in einer sich Weiterlesen\u00a0\u2026\" \/>\n<meta property=\"og:url\" content=\"https:\/\/www.claudia-lampert.de\/?page_id=57\" \/>\n<meta property=\"og:site_name\" content=\"Claudia Lampert\" \/>\n<meta property=\"article:modified_time\" content=\"2025-12-03T08:07:52+00:00\" \/>\n<meta name=\"twitter:card\" content=\"summary_large_image\" \/>\n<meta name=\"twitter:label1\" content=\"Gesch\u00e4tzte Lesezeit\" \/>\n\t<meta name=\"twitter:data1\" content=\"2\u00a0Minuten\" \/>\n<script type=\"application\/ld+json\" class=\"yoast-schema-graph\">{\"@context\":\"https:\/\/schema.org\",\"@graph\":[{\"@type\":\"WebPage\",\"@id\":\"https:\/\/www.claudia-lampert.de\/?page_id=57\",\"url\":\"https:\/\/www.claudia-lampert.de\/?page_id=57\",\"name\":\"Herausgeberschaften - Claudia Lampert\",\"isPartOf\":{\"@id\":\"https:\/\/www.claudia-lampert.de\/#website\"},\"datePublished\":\"2010-01-13T20:09:46+00:00\",\"dateModified\":\"2025-12-03T08:07:52+00:00\",\"breadcrumb\":{\"@id\":\"https:\/\/www.claudia-lampert.de\/?page_id=57#breadcrumb\"},\"inLanguage\":\"de\",\"potentialAction\":[{\"@type\":\"ReadAction\",\"target\":[\"https:\/\/www.claudia-lampert.de\/?page_id=57\"]}]},{\"@type\":\"BreadcrumbList\",\"@id\":\"https:\/\/www.claudia-lampert.de\/?page_id=57#breadcrumb\",\"itemListElement\":[{\"@type\":\"ListItem\",\"position\":1,\"name\":\"Startseite\",\"item\":\"https:\/\/www.claudia-lampert.de\/\"},{\"@type\":\"ListItem\",\"position\":2,\"name\":\"Ver\u00f6ffentlichtes\",\"item\":\"https:\/\/www.claudia-lampert.de\/?page_id=26\"},{\"@type\":\"ListItem\",\"position\":3,\"name\":\"Herausgeberschaften\"}]},{\"@type\":\"WebSite\",\"@id\":\"https:\/\/www.claudia-lampert.de\/#website\",\"url\":\"https:\/\/www.claudia-lampert.de\/\",\"name\":\"Claudia Lampert\",\"description\":\"\",\"publisher\":{\"@id\":\"https:\/\/www.claudia-lampert.de\/#\/schema\/person\/d9a1e59b876efa33489dac1efc9bc1da\"},\"potentialAction\":[{\"@type\":\"SearchAction\",\"target\":{\"@type\":\"EntryPoint\",\"urlTemplate\":\"https:\/\/www.claudia-lampert.de\/?s={search_term_string}\"},\"query-input\":\"required name=search_term_string\"}],\"inLanguage\":\"de\"},{\"@type\":[\"Person\",\"Organization\"],\"@id\":\"https:\/\/www.claudia-lampert.de\/#\/schema\/person\/d9a1e59b876efa33489dac1efc9bc1da\",\"name\":\"CL\",\"image\":{\"@type\":\"ImageObject\",\"inLanguage\":\"de\",\"@id\":\"https:\/\/www.claudia-lampert.de\/#\/schema\/person\/image\/\",\"url\":\"https:\/\/www.claudia-lampert.de\/wp-content\/uploads\/2020\/04\/logo_cl-scaled.jpg\",\"contentUrl\":\"https:\/\/www.claudia-lampert.de\/wp-content\/uploads\/2020\/04\/logo_cl-scaled.jpg\",\"width\":2414,\"height\":2560,\"caption\":\"CL\"},\"logo\":{\"@id\":\"https:\/\/www.claudia-lampert.de\/#\/schema\/person\/image\/\"}}]}<\/script>\n<!-- \/ Yoast SEO plugin. -->","yoast_head_json":{"title":"Herausgeberschaften - Claudia Lampert","robots":{"index":"index","follow":"follow","max-snippet":"max-snippet:-1","max-image-preview":"max-image-preview:large","max-video-preview":"max-video-preview:-1"},"canonical":"https:\/\/www.claudia-lampert.de\/?page_id=57","og_locale":"de_DE","og_type":"article","og_title":"Herausgeberschaften - Claudia Lampert","og_description":"&gt;&gt; Monografien &gt;&gt; Aufs\u00e4tze &gt;&gt; Arbeitspapiere Lampert, C., Potzel, K. &amp; Kammerl, R. (Hrsg.) (2025): Sozialisation in einer sich wandelnden Medienumgebung. Zur Erweiterung und Ver\u00e4nderung des Beziehungsnetzwerks. [Schriftenreihe Medienerziehung | Media Education, Band 9] Baden-Baden: Nomos. Online unter doi.org\/10.5771\/9783748963301 E-Book Open Access verf\u00fcgbar. Kammerl, R.; Lampert, C.; M\u00fcller, J. (2022) (Hrsg.): Sozialisation in einer sich Weiterlesen\u00a0\u2026","og_url":"https:\/\/www.claudia-lampert.de\/?page_id=57","og_site_name":"Claudia Lampert","article_modified_time":"2025-12-03T08:07:52+00:00","twitter_card":"summary_large_image","twitter_misc":{"Gesch\u00e4tzte Lesezeit":"2\u00a0Minuten"},"schema":{"@context":"https:\/\/schema.org","@graph":[{"@type":"WebPage","@id":"https:\/\/www.claudia-lampert.de\/?page_id=57","url":"https:\/\/www.claudia-lampert.de\/?page_id=57","name":"Herausgeberschaften - Claudia Lampert","isPartOf":{"@id":"https:\/\/www.claudia-lampert.de\/#website"},"datePublished":"2010-01-13T20:09:46+00:00","dateModified":"2025-12-03T08:07:52+00:00","breadcrumb":{"@id":"https:\/\/www.claudia-lampert.de\/?page_id=57#breadcrumb"},"inLanguage":"de","potentialAction":[{"@type":"ReadAction","target":["https:\/\/www.claudia-lampert.de\/?page_id=57"]}]},{"@type":"BreadcrumbList","@id":"https:\/\/www.claudia-lampert.de\/?page_id=57#breadcrumb","itemListElement":[{"@type":"ListItem","position":1,"name":"Startseite","item":"https:\/\/www.claudia-lampert.de\/"},{"@type":"ListItem","position":2,"name":"Ver\u00f6ffentlichtes","item":"https:\/\/www.claudia-lampert.de\/?page_id=26"},{"@type":"ListItem","position":3,"name":"Herausgeberschaften"}]},{"@type":"WebSite","@id":"https:\/\/www.claudia-lampert.de\/#website","url":"https:\/\/www.claudia-lampert.de\/","name":"Claudia Lampert","description":"","publisher":{"@id":"https:\/\/www.claudia-lampert.de\/#\/schema\/person\/d9a1e59b876efa33489dac1efc9bc1da"},"potentialAction":[{"@type":"SearchAction","target":{"@type":"EntryPoint","urlTemplate":"https:\/\/www.claudia-lampert.de\/?s={search_term_string}"},"query-input":"required name=search_term_string"}],"inLanguage":"de"},{"@type":["Person","Organization"],"@id":"https:\/\/www.claudia-lampert.de\/#\/schema\/person\/d9a1e59b876efa33489dac1efc9bc1da","name":"CL","image":{"@type":"ImageObject","inLanguage":"de","@id":"https:\/\/www.claudia-lampert.de\/#\/schema\/person\/image\/","url":"https:\/\/www.claudia-lampert.de\/wp-content\/uploads\/2020\/04\/logo_cl-scaled.jpg","contentUrl":"https:\/\/www.claudia-lampert.de\/wp-content\/uploads\/2020\/04\/logo_cl-scaled.jpg","width":2414,"height":2560,"caption":"CL"},"logo":{"@id":"https:\/\/www.claudia-lampert.de\/#\/schema\/person\/image\/"}}]}},"_links":{"self":[{"href":"https:\/\/www.claudia-lampert.de\/index.php?rest_route=\/wp\/v2\/pages\/57"}],"collection":[{"href":"https:\/\/www.claudia-lampert.de\/index.php?rest_route=\/wp\/v2\/pages"}],"about":[{"href":"https:\/\/www.claudia-lampert.de\/index.php?rest_route=\/wp\/v2\/types\/page"}],"author":[{"embeddable":true,"href":"https:\/\/www.claudia-lampert.de\/index.php?rest_route=\/wp\/v2\/users\/1"}],"replies":[{"embeddable":true,"href":"https:\/\/www.claudia-lampert.de\/index.php?rest_route=%2Fwp%2Fv2%2Fcomments&post=57"}],"version-history":[{"count":17,"href":"https:\/\/www.claudia-lampert.de\/index.php?rest_route=\/wp\/v2\/pages\/57\/revisions"}],"predecessor-version":[{"id":1803,"href":"https:\/\/www.claudia-lampert.de\/index.php?rest_route=\/wp\/v2\/pages\/57\/revisions\/1803"}],"up":[{"embeddable":true,"href":"https:\/\/www.claudia-lampert.de\/index.php?rest_route=\/wp\/v2\/pages\/26"}],"wp:attachment":[{"href":"https:\/\/www.claudia-lampert.de\/index.php?rest_route=%2Fwp%2Fv2%2Fmedia&parent=57"}],"curies":[{"name":"wp","href":"https:\/\/api.w.org\/{rel}","templated":true}]}}