{"id":797,"date":"2020-04-20T16:49:14","date_gmt":"2020-04-20T16:49:14","guid":{"rendered":"https:\/\/www.claudia-lampert.de\/?page_id=797"},"modified":"2023-07-24T09:05:38","modified_gmt":"2023-07-24T09:05:38","slug":"impressum-datenschutz","status":"publish","type":"page","link":"https:\/\/www.claudia-lampert.de\/?page_id=797","title":{"rendered":"Impressum &#038; Datenschutz"},"content":{"rendered":"\n<h3 class=\"wp-block-heading\">Inhaltlich verantwortlich<\/h3>\n\n\n\n<p>Dr. Claudia Lampert<br>c\/o Leibniz-Institut f\u00fcr Medienforschung | Hans-Bredow-Institut (HBI)<br>Rothenbaumchaussee 36<br>20148 Hamburg<\/p>\n\n\n\n<p>Die Adresse dieser Website ist: https:\/\/www.claudia-lampert.de.<\/p>\n\n\n\n<p>Bei der Seite handelt es sich um eine pers\u00f6nliche Webseite, die keinerlei kommerzielle Zwecke verfolgt.<\/p>\n\n\n\n<h3 class=\"wp-block-heading\">Haftung<\/h3>\n\n\n\n<p>Die Informationen auf dieser Webseite wurden mit gr\u00f6\u00dftm\u00f6glicher Sorgfalt zusammengestellt. Eine g\u00e4nzliche Fehlerfreiheit kann trotzdem nicht garantiert werden. Jegliche Haftung f\u00fcr Sch\u00e4den, die direkt oder indirekt aus der Benutzung dieser Webseite entstehen, wird ausgeschlossen, soweit diese nicht auf Vorsatz oder grober Fahrl\u00e4ssigkeit beruhen.<\/p>\n\n\n\n<p>Auf die Richtigkeit der Inhalte und Darstellungen von externen Webseiten, auf die ich in meinen Beitr\u00e4gen verweise, habe ich keinen Einfluss. Ich distanziere mich daher ausdr\u00fccklich von allen Inhalten auf allen verlinkten Seiten. Texte, Bilder, Logos und sonstige Darstellungen auf meiner Homepage unterliegen dem Schutz des Urheberrechts.<\/p>\n\n\n\n<h3 class=\"wp-block-heading\">Hinweise zum Datenschutz<\/h3>\n\n\n\n<h4 class=\"wp-block-heading\">Kontaktformulare<\/h4>\n\n\n\n<p>Auf dieser Seite werden aktuell keine Kontaktformulare verwendet.<\/p>\n\n\n\n<h4 class=\"wp-block-heading\">Cookies<\/h4>\n\n\n\n<p>Auf dieser Seite werden aktuell keine Cookies verwendet.<\/p>\n\n\n\n<h4 class=\"wp-block-heading\">Eingebettete Inhalte von anderen Website<\/h4>\n\n\n\n<p>Beitr\u00e4ge auf dieser Website k\u00f6nnen eingebettete Inhalte beinhalten (z.&nbsp;B. Videos, Bilder, Beitr\u00e4ge etc.). Eingebettete Inhalte von anderen Websites verhalten sich exakt so, als ob der Besucher die andere Website besucht h\u00e4tte.<\/p>\n\n\n\n<p>Diese Websites k\u00f6nnen Daten \u00fcber Sie sammeln, Cookies benutzen, zus\u00e4tzliche Tracking-Dienste von Dritten einbetten und Ihre Interaktion mit diesem eingebetteten Inhalt aufzeichnen, inklusive Ihrer Interaktion mit dem eingebetteten Inhalt, falls Sie ein Konto haben und auf dieser Website angemeldet sind.<\/p>\n\n\n\n<h4 class=\"wp-block-heading\"><strong>Schutzrechtsverletzung<\/strong><\/h4>\n\n\n\n<p>Falls Sie vermuten, dass von dieser Website aus eines Ihre Schutzrechte verletzt werden, bitte ich Sie, mir dies umgehend per E-Mail (c.lampert[at]leibniz-hbi.de) mitzuteilen, damit entsprechend Abhilfe geschaffen werden kann.<\/p>\n\n\n\n<p class=\"has-small-font-size\">Hamburg, 20. April 2020, Claudia Lampert<\/p>\n","protected":false},"excerpt":{"rendered":"<p>Inhaltlich verantwortlich Dr. Claudia Lampertc\/o Leibniz-Institut f\u00fcr Medienforschung | Hans-Bredow-Institut (HBI)Rothenbaumchaussee 3620148 Hamburg Die Adresse dieser Website ist: https:\/\/www.claudia-lampert.de. Bei der Seite handelt es sich um eine pers\u00f6nliche Webseite, die keinerlei kommerzielle Zwecke verfolgt. Haftung Die Informationen auf dieser Webseite wurden mit gr\u00f6\u00dftm\u00f6glicher Sorgfalt zusammengestellt. Eine g\u00e4nzliche Fehlerfreiheit kann trotzdem nicht garantiert werden. Jegliche Haftung <a class=\"more-link\" href=\"https:\/\/www.claudia-lampert.de\/?page_id=797\">Weiterlesen\u00a0\u2026<\/a><\/p>\n","protected":false},"author":1,"featured_media":0,"parent":0,"menu_order":8,"comment_status":"closed","ping_status":"closed","template":"template-fullwidth.php","meta":[],"yoast_head":"<!-- This site is optimized with the Yoast SEO plugin v20.12 - https:\/\/yoast.com\/wordpress\/plugins\/seo\/ -->\n<title>Impressum &amp; Datenschutz - Claudia Lampert<\/title>\n<meta name=\"robots\" content=\"index, follow, max-snippet:-1, max-image-preview:large, max-video-preview:-1\" \/>\n<link rel=\"canonical\" href=\"https:\/\/www.claudia-lampert.de\/?page_id=797\" \/>\n<meta property=\"og:locale\" content=\"de_DE\" \/>\n<meta property=\"og:type\" content=\"article\" \/>\n<meta property=\"og:title\" content=\"Impressum &amp; Datenschutz - Claudia Lampert\" \/>\n<meta property=\"og:description\" content=\"Inhaltlich verantwortlich Dr. Claudia Lampertc\/o Leibniz-Institut f\u00fcr Medienforschung | Hans-Bredow-Institut (HBI)Rothenbaumchaussee 3620148 Hamburg Die Adresse dieser Website ist: https:\/\/www.claudia-lampert.de. Bei der Seite handelt es sich um eine pers\u00f6nliche Webseite, die keinerlei kommerzielle Zwecke verfolgt. Haftung Die Informationen auf dieser Webseite wurden mit gr\u00f6\u00dftm\u00f6glicher Sorgfalt zusammengestellt. Eine g\u00e4nzliche Fehlerfreiheit kann trotzdem nicht garantiert werden. Jegliche Haftung Weiterlesen\u00a0\u2026\" \/>\n<meta property=\"og:url\" content=\"https:\/\/www.claudia-lampert.de\/?page_id=797\" \/>\n<meta property=\"og:site_name\" content=\"Claudia Lampert\" \/>\n<meta property=\"article:modified_time\" content=\"2023-07-24T09:05:38+00:00\" \/>\n<meta name=\"twitter:card\" content=\"summary_large_image\" \/>\n<meta name=\"twitter:label1\" content=\"Gesch\u00e4tzte Lesezeit\" \/>\n\t<meta name=\"twitter:data1\" content=\"2\u00a0Minuten\" \/>\n<script type=\"application\/ld+json\" class=\"yoast-schema-graph\">{\"@context\":\"https:\/\/schema.org\",\"@graph\":[{\"@type\":\"WebPage\",\"@id\":\"https:\/\/www.claudia-lampert.de\/?page_id=797\",\"url\":\"https:\/\/www.claudia-lampert.de\/?page_id=797\",\"name\":\"Impressum & Datenschutz - Claudia Lampert\",\"isPartOf\":{\"@id\":\"https:\/\/www.claudia-lampert.de\/#website\"},\"datePublished\":\"2020-04-20T16:49:14+00:00\",\"dateModified\":\"2023-07-24T09:05:38+00:00\",\"breadcrumb\":{\"@id\":\"https:\/\/www.claudia-lampert.de\/?page_id=797#breadcrumb\"},\"inLanguage\":\"de\",\"potentialAction\":[{\"@type\":\"ReadAction\",\"target\":[\"https:\/\/www.claudia-lampert.de\/?page_id=797\"]}]},{\"@type\":\"BreadcrumbList\",\"@id\":\"https:\/\/www.claudia-lampert.de\/?page_id=797#breadcrumb\",\"itemListElement\":[{\"@type\":\"ListItem\",\"position\":1,\"name\":\"Startseite\",\"item\":\"https:\/\/www.claudia-lampert.de\/\"},{\"@type\":\"ListItem\",\"position\":2,\"name\":\"Impressum &#038; Datenschutz\"}]},{\"@type\":\"WebSite\",\"@id\":\"https:\/\/www.claudia-lampert.de\/#website\",\"url\":\"https:\/\/www.claudia-lampert.de\/\",\"name\":\"Claudia Lampert\",\"description\":\"\",\"publisher\":{\"@id\":\"https:\/\/www.claudia-lampert.de\/#\/schema\/person\/d9a1e59b876efa33489dac1efc9bc1da\"},\"potentialAction\":[{\"@type\":\"SearchAction\",\"target\":{\"@type\":\"EntryPoint\",\"urlTemplate\":\"https:\/\/www.claudia-lampert.de\/?s={search_term_string}\"},\"query-input\":\"required name=search_term_string\"}],\"inLanguage\":\"de\"},{\"@type\":[\"Person\",\"Organization\"],\"@id\":\"https:\/\/www.claudia-lampert.de\/#\/schema\/person\/d9a1e59b876efa33489dac1efc9bc1da\",\"name\":\"CL\",\"image\":{\"@type\":\"ImageObject\",\"inLanguage\":\"de\",\"@id\":\"https:\/\/www.claudia-lampert.de\/#\/schema\/person\/image\/\",\"url\":\"https:\/\/www.claudia-lampert.de\/wp-content\/uploads\/2020\/04\/logo_cl-scaled.jpg\",\"contentUrl\":\"https:\/\/www.claudia-lampert.de\/wp-content\/uploads\/2020\/04\/logo_cl-scaled.jpg\",\"width\":2414,\"height\":2560,\"caption\":\"CL\"},\"logo\":{\"@id\":\"https:\/\/www.claudia-lampert.de\/#\/schema\/person\/image\/\"}}]}<\/script>\n<!-- \/ Yoast SEO plugin. -->","yoast_head_json":{"title":"Impressum & Datenschutz - Claudia Lampert","robots":{"index":"index","follow":"follow","max-snippet":"max-snippet:-1","max-image-preview":"max-image-preview:large","max-video-preview":"max-video-preview:-1"},"canonical":"https:\/\/www.claudia-lampert.de\/?page_id=797","og_locale":"de_DE","og_type":"article","og_title":"Impressum & Datenschutz - Claudia Lampert","og_description":"Inhaltlich verantwortlich Dr. Claudia Lampertc\/o Leibniz-Institut f\u00fcr Medienforschung | Hans-Bredow-Institut (HBI)Rothenbaumchaussee 3620148 Hamburg Die Adresse dieser Website ist: https:\/\/www.claudia-lampert.de. Bei der Seite handelt es sich um eine pers\u00f6nliche Webseite, die keinerlei kommerzielle Zwecke verfolgt. Haftung Die Informationen auf dieser Webseite wurden mit gr\u00f6\u00dftm\u00f6glicher Sorgfalt zusammengestellt. Eine g\u00e4nzliche Fehlerfreiheit kann trotzdem nicht garantiert werden. Jegliche Haftung Weiterlesen\u00a0\u2026","og_url":"https:\/\/www.claudia-lampert.de\/?page_id=797","og_site_name":"Claudia Lampert","article_modified_time":"2023-07-24T09:05:38+00:00","twitter_card":"summary_large_image","twitter_misc":{"Gesch\u00e4tzte Lesezeit":"2\u00a0Minuten"},"schema":{"@context":"https:\/\/schema.org","@graph":[{"@type":"WebPage","@id":"https:\/\/www.claudia-lampert.de\/?page_id=797","url":"https:\/\/www.claudia-lampert.de\/?page_id=797","name":"Impressum & Datenschutz - Claudia Lampert","isPartOf":{"@id":"https:\/\/www.claudia-lampert.de\/#website"},"datePublished":"2020-04-20T16:49:14+00:00","dateModified":"2023-07-24T09:05:38+00:00","breadcrumb":{"@id":"https:\/\/www.claudia-lampert.de\/?page_id=797#breadcrumb"},"inLanguage":"de","potentialAction":[{"@type":"ReadAction","target":["https:\/\/www.claudia-lampert.de\/?page_id=797"]}]},{"@type":"BreadcrumbList","@id":"https:\/\/www.claudia-lampert.de\/?page_id=797#breadcrumb","itemListElement":[{"@type":"ListItem","position":1,"name":"Startseite","item":"https:\/\/www.claudia-lampert.de\/"},{"@type":"ListItem","position":2,"name":"Impressum &#038; Datenschutz"}]},{"@type":"WebSite","@id":"https:\/\/www.claudia-lampert.de\/#website","url":"https:\/\/www.claudia-lampert.de\/","name":"Claudia Lampert","description":"","publisher":{"@id":"https:\/\/www.claudia-lampert.de\/#\/schema\/person\/d9a1e59b876efa33489dac1efc9bc1da"},"potentialAction":[{"@type":"SearchAction","target":{"@type":"EntryPoint","urlTemplate":"https:\/\/www.claudia-lampert.de\/?s={search_term_string}"},"query-input":"required name=search_term_string"}],"inLanguage":"de"},{"@type":["Person","Organization"],"@id":"https:\/\/www.claudia-lampert.de\/#\/schema\/person\/d9a1e59b876efa33489dac1efc9bc1da","name":"CL","image":{"@type":"ImageObject","inLanguage":"de","@id":"https:\/\/www.claudia-lampert.de\/#\/schema\/person\/image\/","url":"https:\/\/www.claudia-lampert.de\/wp-content\/uploads\/2020\/04\/logo_cl-scaled.jpg","contentUrl":"https:\/\/www.claudia-lampert.de\/wp-content\/uploads\/2020\/04\/logo_cl-scaled.jpg","width":2414,"height":2560,"caption":"CL"},"logo":{"@id":"https:\/\/www.claudia-lampert.de\/#\/schema\/person\/image\/"}}]}},"_links":{"self":[{"href":"https:\/\/www.claudia-lampert.de\/index.php?rest_route=\/wp\/v2\/pages\/797"}],"collection":[{"href":"https:\/\/www.claudia-lampert.de\/index.php?rest_route=\/wp\/v2\/pages"}],"about":[{"href":"https:\/\/www.claudia-lampert.de\/index.php?rest_route=\/wp\/v2\/types\/page"}],"author":[{"embeddable":true,"href":"https:\/\/www.claudia-lampert.de\/index.php?rest_route=\/wp\/v2\/users\/1"}],"replies":[{"embeddable":true,"href":"https:\/\/www.claudia-lampert.de\/index.php?rest_route=%2Fwp%2Fv2%2Fcomments&post=797"}],"version-history":[{"count":6,"href":"https:\/\/www.claudia-lampert.de\/index.php?rest_route=\/wp\/v2\/pages\/797\/revisions"}],"predecessor-version":[{"id":1255,"href":"https:\/\/www.claudia-lampert.de\/index.php?rest_route=\/wp\/v2\/pages\/797\/revisions\/1255"}],"wp:attachment":[{"href":"https:\/\/www.claudia-lampert.de\/index.php?rest_route=%2Fwp%2Fv2%2Fmedia&parent=797"}],"curies":[{"name":"wp","href":"https:\/\/api.w.org\/{rel}","templated":true}]}}