{"id":93,"date":"2010-03-24T18:32:01","date_gmt":"2010-03-24T18:32:01","guid":{"rendered":"http:\/\/localhost\/wordpress\/?page_id=93"},"modified":"2023-08-01T08:59:55","modified_gmt":"2023-08-01T08:59:55","slug":"vortrage-2010","status":"publish","type":"page","link":"https:\/\/www.claudia-lampert.de\/?page_id=93","title":{"rendered":"Vortr\u00e4ge 2010-2015"},"content":{"rendered":"<div>\n<h3>2015<\/h3>\n<div>\n<div>\n<p>&#8222;Informationsplattform KOKONinfo. Umsetzung eines zielgruppenspezifischen Kommuni\u00adkationskonzepts f\u00fcr das Internet&#8220;, Vortrag von C. Lampert und M. Grimm im Rahmen des Symposiums &#8222;Komplement\u00e4rmedizin in der Onkologie. Empirisch fundierte Konzepte zur Beratung, Schulung, Weiterbildung und Information&#8220; am 21. Mai 2015 in N\u00fcrnberg (gemeinsam mit J. Bossert, S. Hesse und K. Matthias).<\/p>\n<\/div>\n<\/div>\n<div>\n<div>\n<p>&#8222;Komplement\u00e4rmedizin in den Medien. Die Repr\u00e4sentation in den Massenmedien und deren Rezeption durch Betroffene&#8220;, Vortrag von S. Wahl, M. Grimm und C. Lampert im Rahmen des Symposiums &#8222;Komplement\u00e4rmedizin in der Onkologie. Empirisch fundierte Konzepte zur Beratung, Schulung, Weiterbildung und Information&#8220; am 21. Mai 2015 in N\u00fcrnberg.<\/p>\n<\/div>\n<\/div>\n<div>\n<div>\n<p>&#8222;Children and Mobile Media&#8220;, Workshop von C. Lampert im Rahmen der Social Media Week am 23. Februar 2015 in Hamburg.<\/p>\n<\/div>\n<\/div>\n<h3>2014<\/h3>\n<div>\n<p>&#8222;Die richtige Information zur richtigen Zeit. Zum Informationsverhalten von Krebspatienten im Krankheitsverlauf&#8220;, Vortrag von M. Grimm, S. Wahl, C. Lampert, J. Ebenau und L. Ei\u00dffeldt im Rahmen der 2. Tagung der Ad-hoc-Gruppe Gesundheitskommunikation in der DGPuK am 22. November 2014 in Mainz.<\/p>\n<\/div>\n<div>\n<div>\n<p>&#8222;Empowering Parents for Media Education&#8220;, Vortrag von C. Lampert auf der 5th European Communication Conference (ECREA) am 13. November 2014 in Lissabon, Portugal (gemeinsam mit U. Wagner und C. Gebel vom JFF).<\/p>\n<\/div>\n<\/div>\n<div>\n<div>\n<p>&#8222;Aufwachsen mit Medien, eine Herausforderung f\u00fcr den Familienalltag&#8220;, Vortrag von C. Lampert im Rahmen der Medienwoche &#8222;Facebook, Smartphones, Daily Sopas \u2013 diktieren Medien das Familienleben?&#8220; am 5. November 2014 in Luxemburg (initiiert durch ErwuesseBildung).<\/p>\n<\/div>\n<\/div>\n<div>\n<div>\n<p>&#8222;Kinder und Onlinewerbung&#8220;, Vorstellung der gleichnamigen Studie durch S. Dreyer, C. Lampert und S. Schulze im Rahmen der Tagung &#8222;&#8218;Vielleicht k\u00f6nnte das ja Werbung sein.&#8216; Zum Umgang von Kindern mit Werbung im Internet&#8220; am 3. November 2014 in Berlin.<\/p>\n<\/div>\n<\/div>\n<div>\n<div>\n<p>&#8222;Mobile Internetnutzung von Kindern und Jugendlichen \u2013 Herausforderungen f\u00fcr die Praxis&#8220;, Vortrag von C. Lampert am Institut f\u00fcr Schule und Medien Berlin-Brandenburg (LISUM) am 27. September 2014 in Ludwigsfelde.<\/p>\n<\/div>\n<\/div>\n<div>\n<div>\n<p>&#8222;Erziehungshandeln und Bed\u00fcrfnisse von Eltern, Informationsangebote f\u00fcr Eltern. Zielgruppengerechte Ansprache in der medienp\u00e4dagogischen Elternarbeit&#8220;, Vortrag von C. Lampert am Landesinstitut f\u00fcr Schule und Medien Berlin-Brandenburg (LISUM) am 26. September 2014 in Ludwigsfelde.<\/p>\n<\/div>\n<\/div>\n<div>\n<div>\n<p>&#8222;Computerspiele(n) in der Familie&#8220;, Vortrag von C. Lampert im Rahmen der Fachtagung &#8222;Surfen, daddeln, zocken&nbsp; \u2013 Gamer die unbekannten Wesen?!&#8220; der Landesstelle Jugendschutz Niedersachsen am 14. Mai 2014 in Hannover.<\/p>\n<\/div>\n<\/div>\n<h3>2013<\/h3>\n<div>\n<p>&#8222;Was steckt drin? Herausforderungen und Potenziale der Medienanalyse f\u00fcr die Gesundheitskommunikation am Beispiel des Themas Krebs&#8220;, Vortrag von C. Lampert, M. Grimm &amp; S. Wahl im Rahmen der 1. Tagung der DGPuK-Ad-hoc-Gruppe Gesundheitskommunikation am 23. November 2013 in Hannover.<\/p>\n<\/div>\n<div>\n<div>\n<p>&#8222;Computerspiele(n) in der Familie \u2013 Computerspielsozialisation von Heranwachsenden&#8220;, Vortrag von C. Lampert im Rahmen der Fachtagung der Medienakademie &#8222;Das Leben ist (k)ein Spiel! Onlinespiele&nbsp; \u2013 Bereicherung oder Gef\u00e4hrdung der jugendlichen Lebenswelt?&#8220; am 8. November 2013 in Greifswald.<\/p>\n<\/div>\n<\/div>\n<div>\n<div>\n<p>&#8222;Medienerziehung in der Familie unter dern Bedingungen von Mediatisierung&#8220;, Vortrag C. Lampert im Rahmen der Herbstagung der DGfE-Sektion Medienp\u00e4dagogik am 7. November 2013 in K\u00f6ln (gemeinsam mit U. Wagner und C. Gebel).<\/p>\n<\/div>\n<\/div>\n<div>\n<div>\n<p>\u201eMediennutzung und -erziehung in der Familie\u201c, Vortrag von C. Lampert im Rahmen der Ringvorlesung \u201eImmer und \u00fcberall online\u201c am 28. Oktober 2013 in Hamburg.<\/p>\n<\/div>\n<\/div>\n<div>\n<div>\n<p>&#8222;Risiko, Rischio, Ryzyko \u2013 Onlinerisiken aus der Perspektive europ\u00e4ischer Kinder. Ergebnisse aus dem Projekt EU Kids Online&#8220;, Vortrag von U. Hasebrink und C. Lampert im Rahmen der Veranstaltung &#8222;Kinder im Netz. Aktuelle Befunde und Handlungsans\u00e4tze&#8220; am 25. Juni 2013 in Hamburg.<\/p>\n<\/div>\n<\/div>\n<div>\n<div>\n<p>&#8222;Mama, Papa, IPad &#8211; Medien(erziehung) in der Familie&#8220;, Workshop von C. Lampert im Rahmen der Fachtagung &#8222;Baby mit Zukunft. Aufwachsen zwischen virtuellen Netzwerken und emotionaler Pr\u00e4senz&#8220; der Ehlering Stiftung am 5. Juni 2013 in Hamburg.<\/p>\n<\/div>\n<\/div>\n<div>\n<div>\n<p>\u201eJe fr\u00fcher, desto besser? Fr\u00fchkindliche Mediennutzung und Handlungsans\u00e4tze f\u00fcr die Elternarbeit\u201c, Inputvortrag von C. Lampert beim Workshop f\u00fcr die Referentinnen und Referenten der Initiative Eltern+Medien am 15. Mai 2013 in Marl.<\/p>\n<\/div>\n<\/div>\n<div>\n<div>\n<p>&#8222;Medienbildung in der Kita und der GBS&#8220;, Vortrag von C. Lampert im Rahmen des 8. Hamburg Fachgespr\u00e4chs der Beh\u00f6rde f\u00fcr Arbeit, Soziales, Familie und Integration am 24. April 2013 in Hamburg.<\/p>\n<\/div>\n<\/div>\n<div>\n<div>\n<p>&#8222;Kompetent oder verloren im Netz? Wie nutzen Kinder und Jugendliche Angebote im Internet? Vortrag von C. Lampert im Rahmen des CCKids-Fachforums &#8222;Wissenschaft und Praxis im Dialog&#8220; zum Thema &#8222;Verloren im Netz? Medienkompetenzf\u00f6rderung bei Kindern und Jugendlichen&#8220; am 16. April 2013 in Hamburg.<\/p>\n<\/div>\n<\/div>\n<div>\n<div>\n<p>&#8222;Ges\u00fcnder durch Kommunikationswissenschaft? Herausforderungen und Chancen transdisziplin\u00e4rer Forschung im Bereich der Gesundheitskommunikation&#8220;, Vortrag von C. Lampert, M. Grimm und S. Wahl im Rahmen der SGKM-Tagung &#8222;Transdisziplinarit\u00e4t in der Kommunikations- und Medienwissenschaft \u2013 Return on Investment oder vergebliche Liebesm\u00fch?&#8220; am 13. April 2013 in Winterthur (zusammen mit E. Baumann).<\/p>\n<\/div>\n<\/div>\n<div>\n<div>\n<p>&#8222;Zwischen Anspruch und Alltagsbew\u00e4ltigung: Medienerziehung in der Familie \u2013 Vorstellung der Ergebnisse der LfM-Studie&#8220;, Vortrag von C. Lampert am 19. M\u00e4rz 2013 in D\u00fcsseldorf (gemeinsam mit Dr. Ulrike Wagner, JFF).<\/p>\n<\/div>\n<\/div>\n<div>\n<div>\n<p>&#8222;Kernergebnisse aus der LfM-Studie zum Thema &#8218;Kompetenzerwerb, exzessive Nutzung und Abh\u00e4ngigkeitsverhalten'&#8220;, Vortrag von C. Lampert im Rahmen der Fachtagung &#8222;&#8218;Es begann eigentlich mit meinem Vater&#8216; \u2013 Vorstellung von Studienergebnissen zum Thema Computerspiele(n) in der Familie&#8220; am 17. Januar 2013 in D\u00fcsseldorf.<\/p>\n<\/div>\n<\/div>\n<p>&#8222;Kernergebnisse aus der LfM-Sekund\u00e4ranalyse zum Thema &#8222;Computerspielenutzung aus sozialisatorischer Perspektive&#8220;, Vortrag von C. Lampert und R. Kammerl im Rahmen der Tagung &#8222;Es begann eigentlich mit meinem Vater&#8220; am 17. Januar 2013 in D\u00fcsseldorf.<\/p>\n<h3>2012<\/h3>\n<p>&#8222;Wie erreichen wir Jugendliche? M\u00f6glichkeiten und Grenzen der Gesundheitskommunikation durch Medien&#8220;, Vortrag von C. Lampert im Rahmen der Tagung &#8222;Gef\u00e4llt mir! (Gesundheits)Kommunikation von Jugendlichen verstehen und Gesundheitskompetenzen st\u00e4rken&#8220; der Hamburgischen Arbeitsgemeinschaft f\u00fcr Gesundheitsf\u00f6rderung e. V. (HAG) am 25. Oktober 2012 in Hamburg.<\/p>\n<p>&#8222;Kompetenzen und exzessive Nutzung bei Computerspielern. Chancen und problematische Aspekte von Computerspielen aus medienp\u00e4dagogischer Perspektive&#8220;, Vortrag von C. Lampert im Rahmen der Tagung &#8222;Exzessive Mediennutzung. Herausforderung f\u00fcr Familie, Jugendhilfe und Beratung&#8220; am 26. April 2012 in Potsdam.<\/p>\n<h3>2011<\/h3>\n<p>&#8222;Wissenschaft im Unterhaltungsformat. Potenziale und Grenzen von Unterhaltungsangeboten f\u00fcr die Kommunikation wissenschaftlicher Themen&#8220;, Vortrag von C. Lampert im Rahmen des 4. Forums Wissenschaftskommunikation am 8. Dezember 2011 in K\u00f6ln.<\/p>\n<\/div>\n<div>\n<div>\n<p>&#8222;Aspekte der Gesundheitsf\u00f6rderung durch die Medien&#8220;, Vortrag von C. Lampert im Rahmen der 17. Fachtagung des Forums Medienp\u00e4dagogik der BLM zum Thema &#8222;Gigabit statt megafit? Der mediale Einfluss auf die Gesundheit von Kindern und Jugendlichen&#8220; am 27. Oktober 2011 in M\u00fcnchen.<\/p>\n<\/div>\n<\/div>\n<div>\n<div>\n<p>&#8222;Kompetent und verloren im Netz &#8211; wie nutzen Kinder und Jugendliche die Angebote im Internet?&#8220; Vortrag von C. Lampert im Rahmen der Fachtagung &#8222;Verloren im Netz! Virtuelle Welten &#8211; Fluch oder Segen?!&#8220; am 27. September 2011 in Siegen.<\/p>\n<\/div>\n<\/div>\n<div>\n<div>\n<p>&#8222;Zu gesundheitsbezogenen Risken und Nebenwirkungen der Mediennutzung&#8220;, Vortrag von C. Lampert im Rahmen der Fachtagung &#8222;P\u00e4diatrie zum Anfassen&#8220; am 10. und 11. September 2011 in L\u00fcbeck.<\/p>\n<\/div>\n<\/div>\n<div>\n<div>\n<p>&#8222;Gamer Generation versus Silver Surfer \u2013 Chancen und Risiken der Mediensozialisation heute&#8220;, Workshop und Vortrag von C. Lampert im Rahmen des 8. Fernausbildungskongresses der Bundeswehr am 8. September 2011 in Hamburg (gemeinsam mit D. S\u00fcss, ZAHW Z\u00fcrich).<\/p>\n<\/div>\n<\/div>\n<div>\n<div>\n<p>&#8222;Gefordert &#8211; gef\u00f6rdert &#8211; gef\u00e4hrdet? Kompetenzen und exzessive Nutzung bei Computerspielern&#8220;, Vortrag von C. Lampert und Vorstellung des gleichnamigen Projekts im Rahmen einer Veranstaltung f\u00fcr ElternMedienLotsen am 9. Juni 2011 in Neum\u00fcnster.<\/p>\n<\/div>\n<\/div>\n<div>\n<div>\n<p>&#8222;Einander wahrnehmen &#8211; voneinander profitieren: Potenziale der Kommunikationswissenschaft f\u00fcr die Gesundheitsf\u00f6rderung&#8220;, Vortrag von C. Lampert im Rahmen der 56. DGPuK-Jahrestagung &#8222;Theoretisch praktisch!?&#8220; am 2. Juni 2011 in Dortmund (zusammen mit E. Baumann und B. Fromm).<\/p>\n<\/div>\n<\/div>\n<div>\n<div>\n<p>&#8222;Spielend gesund? &#8211; Games f\u00fcr die Medizin&#8220;, Vortrag von C. Lampert im Rahmen der 11. Deutschen Games Tage am 4. Mai 2011 in Berlin.<\/p>\n<\/div>\n<\/div>\n<div>\n<div>\n<p>&#8222;Gesundheitsf\u00f6rderung im Unterhaltungsformat&#8220;, Vortrag von C. Lampert im Rahmen der Tagung &#8222;Kommunikationsma\u00dfnahmen f\u00fcr medizinische Forschungsnetzwerke entwickeln&#8220; der Technologie- und Methodenplattform f\u00fcr die vernetzte medizinische Forschung e.V. (TMF) am 14. April 2011 in Berlin.<\/p>\n<\/div>\n<\/div>\n<div>\n<div>\n<p>&#8222;Was ist Social Media?&#8220;, Vortrag von C. Lampert im Rahmen der 34. Stuttgarter Tage der Medienp\u00e4dagogik zum Thema &#8222;Social Media zwischen Emanzipation und Sozialisation&#8220; am 12. April 2011 in Stuttgart.<\/p>\n<\/div>\n<\/div>\n<h3>2010<\/h3>\n<p>&#8222;Gesund gespielt? Bestandsaufnahme und Potenziale von Serious Games for Family-Health&#8220;, Vortrag von C. Lampert im Rahmen des Fakult\u00e4tskolloquium &#8222;Familie und Gesundheit. Gesundheit in und mit Familien kommunizieren&#8220; der Universit\u00e4t Bielefeld am 22. April 2010 in Bielefeld.<\/p>\n<p>&#8222;Vernetzt oder verfangen in virtuellen Welten. Chancen, Risiken und Nebenwirkungen der Onlinennutzung&#8220;, Vortrag&nbsp; im Rahmen der Fachtagung der Arbeitsgemeinschaft Kinder- und Jugendmedienschutz Hamburg e.V. &#8222;In virtuellen Welten unterwegs \u2013 Kompetenzen und Risiken f\u00fcr Kinder und Jugendliche&#8220; am 24. Februar 2010 in Hamburg.<\/p>\n<p>&#8222;Kinder bewegen sich im Netz \u2013&nbsp; Wo steht die Medienp\u00e4dagogik?&#8220;, Vortrag von C. Lampert am 28. Januar 2010 in Z\u00fcrich, am 31. M\u00e4rz 2010 in Salzburg und am 9. April 2010 in Hamburg.<\/p>\n<p>&#8222;Jugendliche und Web 2.0&#8220;, Vortrag an der Sophie-Barat-Schule am 19. Januar 2010 in Hamburg.<\/p>\n<p>2010 <strong><strong>| <a href=\"https:\/\/www.claudia-lampert.de\/?page_id=44\">2009<\/a> | <\/strong><\/strong><strong><a href=\"https:\/\/www.claudia-lampert.de\/?page_id=51\">2008<\/a><strong> | <a href=\"https:\/\/www.claudia-lampert.de\/?page_id=124\">\u00c4ltere Vortr\u00e4ge<\/a><\/strong><\/strong><\/p>\n","protected":false},"excerpt":{"rendered":"<p>2015 &#8222;Informationsplattform KOKONinfo. Umsetzung eines zielgruppenspezifischen Kommuni\u00adkationskonzepts f\u00fcr das Internet&#8220;, Vortrag von C. Lampert und M. Grimm im Rahmen des Symposiums &#8222;Komplement\u00e4rmedizin in der Onkologie. Empirisch fundierte Konzepte zur Beratung, Schulung, Weiterbildung und Information&#8220; am 21. Mai 2015 in N\u00fcrnberg (gemeinsam mit J. Bossert, S. Hesse und K. Matthias). &#8222;Komplement\u00e4rmedizin in den Medien. Die Repr\u00e4sentation <a class=\"more-link\" href=\"https:\/\/www.claudia-lampert.de\/?page_id=93\">Weiterlesen\u00a0\u2026<\/a><\/p>\n","protected":false},"author":1,"featured_media":0,"parent":28,"menu_order":10,"comment_status":"closed","ping_status":"closed","template":"","meta":[],"yoast_head":"<!-- This site is optimized with the Yoast SEO plugin v20.12 - https:\/\/yoast.com\/wordpress\/plugins\/seo\/ -->\n<title>Vortr\u00e4ge 2010-2015 - Claudia Lampert<\/title>\n<meta name=\"robots\" content=\"index, follow, max-snippet:-1, max-image-preview:large, max-video-preview:-1\" \/>\n<link rel=\"canonical\" href=\"https:\/\/www.claudia-lampert.de\/?page_id=93\" \/>\n<meta property=\"og:locale\" content=\"de_DE\" \/>\n<meta property=\"og:type\" content=\"article\" \/>\n<meta property=\"og:title\" content=\"Vortr\u00e4ge 2010-2015 - Claudia Lampert\" \/>\n<meta property=\"og:description\" content=\"2015 &#8222;Informationsplattform KOKONinfo. Umsetzung eines zielgruppenspezifischen Kommuni\u00adkationskonzepts f\u00fcr das Internet&#8220;, Vortrag von C. Lampert und M. Grimm im Rahmen des Symposiums &#8222;Komplement\u00e4rmedizin in der Onkologie. Empirisch fundierte Konzepte zur Beratung, Schulung, Weiterbildung und Information&#8220; am 21. Mai 2015 in N\u00fcrnberg (gemeinsam mit J. Bossert, S. Hesse und K. Matthias). &#8222;Komplement\u00e4rmedizin in den Medien. Die Repr\u00e4sentation Weiterlesen\u00a0\u2026\" \/>\n<meta property=\"og:url\" content=\"https:\/\/www.claudia-lampert.de\/?page_id=93\" \/>\n<meta property=\"og:site_name\" content=\"Claudia Lampert\" \/>\n<meta property=\"article:modified_time\" content=\"2023-08-01T08:59:55+00:00\" \/>\n<meta name=\"twitter:card\" content=\"summary_large_image\" \/>\n<meta name=\"twitter:label1\" content=\"Gesch\u00e4tzte Lesezeit\" \/>\n\t<meta name=\"twitter:data1\" content=\"8\u00a0Minuten\" \/>\n<script type=\"application\/ld+json\" class=\"yoast-schema-graph\">{\"@context\":\"https:\/\/schema.org\",\"@graph\":[{\"@type\":\"WebPage\",\"@id\":\"https:\/\/www.claudia-lampert.de\/?page_id=93\",\"url\":\"https:\/\/www.claudia-lampert.de\/?page_id=93\",\"name\":\"Vortr\u00e4ge 2010-2015 - Claudia Lampert\",\"isPartOf\":{\"@id\":\"https:\/\/www.claudia-lampert.de\/#website\"},\"datePublished\":\"2010-03-24T18:32:01+00:00\",\"dateModified\":\"2023-08-01T08:59:55+00:00\",\"breadcrumb\":{\"@id\":\"https:\/\/www.claudia-lampert.de\/?page_id=93#breadcrumb\"},\"inLanguage\":\"de\",\"potentialAction\":[{\"@type\":\"ReadAction\",\"target\":[\"https:\/\/www.claudia-lampert.de\/?page_id=93\"]}]},{\"@type\":\"BreadcrumbList\",\"@id\":\"https:\/\/www.claudia-lampert.de\/?page_id=93#breadcrumb\",\"itemListElement\":[{\"@type\":\"ListItem\",\"position\":1,\"name\":\"Startseite\",\"item\":\"https:\/\/www.claudia-lampert.de\/\"},{\"@type\":\"ListItem\",\"position\":2,\"name\":\"Vorgetragenes\",\"item\":\"https:\/\/www.claudia-lampert.de\/?page_id=28\"},{\"@type\":\"ListItem\",\"position\":3,\"name\":\"Vortr\u00e4ge 2010-2015\"}]},{\"@type\":\"WebSite\",\"@id\":\"https:\/\/www.claudia-lampert.de\/#website\",\"url\":\"https:\/\/www.claudia-lampert.de\/\",\"name\":\"Claudia Lampert\",\"description\":\"\",\"publisher\":{\"@id\":\"https:\/\/www.claudia-lampert.de\/#\/schema\/person\/d9a1e59b876efa33489dac1efc9bc1da\"},\"potentialAction\":[{\"@type\":\"SearchAction\",\"target\":{\"@type\":\"EntryPoint\",\"urlTemplate\":\"https:\/\/www.claudia-lampert.de\/?s={search_term_string}\"},\"query-input\":\"required name=search_term_string\"}],\"inLanguage\":\"de\"},{\"@type\":[\"Person\",\"Organization\"],\"@id\":\"https:\/\/www.claudia-lampert.de\/#\/schema\/person\/d9a1e59b876efa33489dac1efc9bc1da\",\"name\":\"CL\",\"image\":{\"@type\":\"ImageObject\",\"inLanguage\":\"de\",\"@id\":\"https:\/\/www.claudia-lampert.de\/#\/schema\/person\/image\/\",\"url\":\"https:\/\/www.claudia-lampert.de\/wp-content\/uploads\/2020\/04\/logo_cl-scaled.jpg\",\"contentUrl\":\"https:\/\/www.claudia-lampert.de\/wp-content\/uploads\/2020\/04\/logo_cl-scaled.jpg\",\"width\":2414,\"height\":2560,\"caption\":\"CL\"},\"logo\":{\"@id\":\"https:\/\/www.claudia-lampert.de\/#\/schema\/person\/image\/\"}}]}<\/script>\n<!-- \/ Yoast SEO plugin. -->","yoast_head_json":{"title":"Vortr\u00e4ge 2010-2015 - Claudia Lampert","robots":{"index":"index","follow":"follow","max-snippet":"max-snippet:-1","max-image-preview":"max-image-preview:large","max-video-preview":"max-video-preview:-1"},"canonical":"https:\/\/www.claudia-lampert.de\/?page_id=93","og_locale":"de_DE","og_type":"article","og_title":"Vortr\u00e4ge 2010-2015 - Claudia Lampert","og_description":"2015 &#8222;Informationsplattform KOKONinfo. Umsetzung eines zielgruppenspezifischen Kommuni\u00adkationskonzepts f\u00fcr das Internet&#8220;, Vortrag von C. Lampert und M. Grimm im Rahmen des Symposiums &#8222;Komplement\u00e4rmedizin in der Onkologie. Empirisch fundierte Konzepte zur Beratung, Schulung, Weiterbildung und Information&#8220; am 21. Mai 2015 in N\u00fcrnberg (gemeinsam mit J. Bossert, S. Hesse und K. Matthias). &#8222;Komplement\u00e4rmedizin in den Medien. Die Repr\u00e4sentation Weiterlesen\u00a0\u2026","og_url":"https:\/\/www.claudia-lampert.de\/?page_id=93","og_site_name":"Claudia Lampert","article_modified_time":"2023-08-01T08:59:55+00:00","twitter_card":"summary_large_image","twitter_misc":{"Gesch\u00e4tzte Lesezeit":"8\u00a0Minuten"},"schema":{"@context":"https:\/\/schema.org","@graph":[{"@type":"WebPage","@id":"https:\/\/www.claudia-lampert.de\/?page_id=93","url":"https:\/\/www.claudia-lampert.de\/?page_id=93","name":"Vortr\u00e4ge 2010-2015 - Claudia Lampert","isPartOf":{"@id":"https:\/\/www.claudia-lampert.de\/#website"},"datePublished":"2010-03-24T18:32:01+00:00","dateModified":"2023-08-01T08:59:55+00:00","breadcrumb":{"@id":"https:\/\/www.claudia-lampert.de\/?page_id=93#breadcrumb"},"inLanguage":"de","potentialAction":[{"@type":"ReadAction","target":["https:\/\/www.claudia-lampert.de\/?page_id=93"]}]},{"@type":"BreadcrumbList","@id":"https:\/\/www.claudia-lampert.de\/?page_id=93#breadcrumb","itemListElement":[{"@type":"ListItem","position":1,"name":"Startseite","item":"https:\/\/www.claudia-lampert.de\/"},{"@type":"ListItem","position":2,"name":"Vorgetragenes","item":"https:\/\/www.claudia-lampert.de\/?page_id=28"},{"@type":"ListItem","position":3,"name":"Vortr\u00e4ge 2010-2015"}]},{"@type":"WebSite","@id":"https:\/\/www.claudia-lampert.de\/#website","url":"https:\/\/www.claudia-lampert.de\/","name":"Claudia Lampert","description":"","publisher":{"@id":"https:\/\/www.claudia-lampert.de\/#\/schema\/person\/d9a1e59b876efa33489dac1efc9bc1da"},"potentialAction":[{"@type":"SearchAction","target":{"@type":"EntryPoint","urlTemplate":"https:\/\/www.claudia-lampert.de\/?s={search_term_string}"},"query-input":"required name=search_term_string"}],"inLanguage":"de"},{"@type":["Person","Organization"],"@id":"https:\/\/www.claudia-lampert.de\/#\/schema\/person\/d9a1e59b876efa33489dac1efc9bc1da","name":"CL","image":{"@type":"ImageObject","inLanguage":"de","@id":"https:\/\/www.claudia-lampert.de\/#\/schema\/person\/image\/","url":"https:\/\/www.claudia-lampert.de\/wp-content\/uploads\/2020\/04\/logo_cl-scaled.jpg","contentUrl":"https:\/\/www.claudia-lampert.de\/wp-content\/uploads\/2020\/04\/logo_cl-scaled.jpg","width":2414,"height":2560,"caption":"CL"},"logo":{"@id":"https:\/\/www.claudia-lampert.de\/#\/schema\/person\/image\/"}}]}},"_links":{"self":[{"href":"https:\/\/www.claudia-lampert.de\/index.php?rest_route=\/wp\/v2\/pages\/93"}],"collection":[{"href":"https:\/\/www.claudia-lampert.de\/index.php?rest_route=\/wp\/v2\/pages"}],"about":[{"href":"https:\/\/www.claudia-lampert.de\/index.php?rest_route=\/wp\/v2\/types\/page"}],"author":[{"embeddable":true,"href":"https:\/\/www.claudia-lampert.de\/index.php?rest_route=\/wp\/v2\/users\/1"}],"replies":[{"embeddable":true,"href":"https:\/\/www.claudia-lampert.de\/index.php?rest_route=%2Fwp%2Fv2%2Fcomments&post=93"}],"version-history":[{"count":23,"href":"https:\/\/www.claudia-lampert.de\/index.php?rest_route=\/wp\/v2\/pages\/93\/revisions"}],"predecessor-version":[{"id":1253,"href":"https:\/\/www.claudia-lampert.de\/index.php?rest_route=\/wp\/v2\/pages\/93\/revisions\/1253"}],"up":[{"embeddable":true,"href":"https:\/\/www.claudia-lampert.de\/index.php?rest_route=\/wp\/v2\/pages\/28"}],"wp:attachment":[{"href":"https:\/\/www.claudia-lampert.de\/index.php?rest_route=%2Fwp%2Fv2%2Fmedia&parent=93"}],"curies":[{"name":"wp","href":"https:\/\/api.w.org\/{rel}","templated":true}]}}